{"id":2,"date":"2018-09-12T15:26:26","date_gmt":"2018-09-12T15:26:26","guid":{"rendered":"http:\/\/clients.omnimonk.biz\/sakarmarbo\/?page_id=2"},"modified":"2025-07-23T09:10:24","modified_gmt":"2025-07-23T09:10:24","slug":"about-top-tile-company-india","status":"publish","type":"page","link":"https:\/\/www.sakarmarbo.com\/es\/about-top-tile-company-india\/","title":{"rendered":"Una de las mejores empresas de azulejos en la India"},"content":{"rendered":"<h2 style=\"margin-bottom: 20px;\">Una empresa de azulejos de primer nivel en Morbi, Gujarat<\/h2>\n<h2 style=\"font-size: 1.5rem;\">F\u00e1brica de azulejos en la India: Azulejos de calidad para el espacio de sus sue\u00f1os<\/h2>\n<p style=\"text-align: justify;\">Sakar Granito (India) Private Limited, dada la popular denominaci\u00f3n &#8220;SakarMarbo&#8221;, se cre\u00f3 en 1998 con el objetivo de marcar la diferencia en la industria de la cer\u00e1mica. Aceptando el reto de desarrollar baldosas de calidad superior en la India, SakarMarbo ha roto las burbujas de las suposiciones al lograr un crecimiento completo. Desarrollando dise\u00f1os impecables y espl\u00e9ndidos, hemos establecido con \u00e9xito un punto de referencia en la liga de la cer\u00e1mica, el porcelanato y la baldosa vitrificada. Con esfuerzos inflexibles, estamos ofreciendo soluciones de revestimiento inigualables y, por lo tanto, inspirando el cambio a nivel mundial.<\/p>\n<h3>Impulsados por la Innovaci\u00f3n<\/h3>\n<p style=\"text-align: justify;\">SakarMarbo est\u00e1 impulsada \u00fanicamente por la innovaci\u00f3n, ya que la empresa tiene una necesidad incesante de crear productos de dise\u00f1o. Respaldada por el pensamiento de dise\u00f1o y el liderazgo de cinco emprendedores visionarios, la empresa de recubrimientos cer\u00e1micos se ha establecido para asumir un liderazgo innovador en la industria. Nuestra din\u00e1mica plantilla asume la celosa responsabilidad de inculcar el factor innovaci\u00f3n en el alma de nuestra marca. Desde nuestra fundaci\u00f3n, nuestra empresa ha definido claramente el principio de trabajo &#8211; la fabricaci\u00f3n de productos de calidad superior y con clase que dan un atractivo elegante y eterno y la ampliaci\u00f3n de la m\u00e1xima satisfacci\u00f3n del cliente con un servicio dedicado. Cada d\u00eda que pasa, tratamos de establecer nuevos puntos de referencia para que la industria mire hacia el futuro.<\/p>\n<h3>Mezcla Inteligente de Dise\u00f1o y Tecnolog\u00eda<\/h3>\n<p style=\"text-align: justify;\">En SakarMarbo, contamos con una infraestructura de \u00faltima generaci\u00f3n, ya que nuestros espacios de fabricaci\u00f3n est\u00e1n equipados con tecnolog\u00eda europea avanzada importada de Sacmi, Italia. Con la mezcla inteligente de dise\u00f1o creativo y tecnolog\u00eda de punta, ofrecemos una variedad de productos de est\u00e1ndar internacionales. Contamos con un equipo de tecn\u00f3cratas potenciales y un equipo de I+D experimentado para gestionar nuestro amplio proceso de producci\u00f3n. Nuestra tecnolog\u00eda de vanguardia aborda potencialmente los requisitos est\u00e9ticos y de rendimiento de los dise\u00f1adores, arquitectos, agentes de bienes ra\u00edces, agencias gubernamentales, compradores corporativos a granel y propietarios de viviendas y oficinas.<\/p>\n<h3>Crecimiento Asombroso<\/h3>\n<p style=\"text-align: justify;\">Fundada en 1998, Sakar Granito (India) Private Limited se ha convertido en el fabricante de baldosas m\u00e1s importante de Gujarat, India. Impulsados por la pasi\u00f3n de marcar la diferencia y la b\u00fasqueda permanente de la excelencia, hemos logrado marcas globales. SakarMarbo es una de las empresas insignia de la industria de baldosas que se dedica principalmente al desarrollo de baldosas de porcelana vitrificadas y de cer\u00e1mica de calidad mundial. Con el principal espacio de fabricaci\u00f3n situado en Rajpura, Gujarat, tenemos oficinas en Ahmedabad y Mumbai; el cuartel general est\u00e1 en Ahmedabad. En el lapso de s\u00f3lo 20 a\u00f1os desde nuestra fundaci\u00f3n, la compa\u00f1\u00eda ha crecido 50 veces marcando un desarrollo fulgurante.<\/p>\n<h3>Siente el Aura de la Sofisticaci\u00f3n<\/h3>\n<p style=\"text-align: justify;\">SakarMarbo est\u00e1 impulsado por el liderazgo visionario de cinco emprendedores que entraron en este viaje con el sue\u00f1o de llevar a su empresa a emerger como un l\u00edder global. La filosof\u00eda principal de la compa\u00f1\u00eda es crear una marca que sea una mezcla s\u00f3lida de innovaci\u00f3n, excelencia y creatividad. Con la aspiraci\u00f3n de hacerla grande, la compa\u00f1\u00eda cre\u00f3 productos distintivos que abordaban la elegancia y la sustancialidad en una nota perfecta. Siguiendo con el lema &#8220;<strong>Siente la suavidad sobre la dura roca<\/strong>&#8220;, nuestra formidable gama de productos te permite sentir el aura de la sofisticaci\u00f3n en cada detalle.<\/p>\n<h3>Huella Global<\/h3>\n<p style=\"text-align: justify;\">SakarMarbo tiene presencia en PAN India con canales de distribuci\u00f3n repartidos entre diversos minoristas y distribuidores. Con una gama internacional de productos, hemos estado entregando nuestras baldosas a pa\u00edses como M\u00e9xico, Estados Unidos, Reino Unido, Arabia Saudita, Emiratos \u00c1rabes Unidos, Canad\u00e1, Indonesia, Malasia, Australia, \u00c1frica, Brasil, Ucrania y muchos m\u00e1s. Con una fuerte base de clientes en diferentes partes del mundo, nos hemos convertido en una de las marcas m\u00e1s grandes del mundo de porcelanato y baldosas de cer\u00e1mica.<\/p>\n<p>Explore nuestra colecci\u00f3n \u00fanica que se ajusta a los est\u00e1ndares de oro de las empresas de baldosas vitrificadas y cer\u00e1micas en Morbi, Espa\u00f1a e Italia.<\/p>\n<p><a class=\"theme-btn btn-style-two scroll-to-target\" href=\"https:\/\/www.sakarmarbo.com\/es\/tiles\/\" data-subject=\"Price List for Tiles\">Explorar<\/a><\/p>\n","protected":false},"excerpt":{"rendered":"<p>Una empresa de azulejos de primer nivel en Morbi, Gujarat F\u00e1brica de azulejos en la India: Azulejos de calidad para el espacio de sus sue\u00f1os Sakar Granito (India) Private Limited, dada la popular denominaci\u00f3n &#8220;SakarMarbo&#8221;, se cre\u00f3 en 1998 con el objetivo de marcar la diferencia en la industria de la cer\u00e1mica. Aceptando el reto [&hellip;]<\/p>\n","protected":false},"author":1,"featured_media":0,"parent":0,"menu_order":0,"comment_status":"closed","ping_status":"open","template":"","meta":{"_acf_changed":false,"footnotes":""},"class_list":["post-2","page","type-page","status-publish","hentry"],"acf":[],"_links":{"self":[{"href":"https:\/\/www.sakarmarbo.com\/es\/wp-json\/wp\/v2\/pages\/2","targetHints":{"allow":["GET"]}}],"collection":[{"href":"https:\/\/www.sakarmarbo.com\/es\/wp-json\/wp\/v2\/pages"}],"about":[{"href":"https:\/\/www.sakarmarbo.com\/es\/wp-json\/wp\/v2\/types\/page"}],"author":[{"embeddable":true,"href":"https:\/\/www.sakarmarbo.com\/es\/wp-json\/wp\/v2\/users\/1"}],"replies":[{"embeddable":true,"href":"https:\/\/www.sakarmarbo.com\/es\/wp-json\/wp\/v2\/comments?post=2"}],"version-history":[{"count":51,"href":"https:\/\/www.sakarmarbo.com\/es\/wp-json\/wp\/v2\/pages\/2\/revisions"}],"predecessor-version":[{"id":3699,"href":"https:\/\/www.sakarmarbo.com\/es\/wp-json\/wp\/v2\/pages\/2\/revisions\/3699"}],"wp:attachment":[{"href":"https:\/\/www.sakarmarbo.com\/es\/wp-json\/wp\/v2\/media?parent=2"}],"curies":[{"name":"wp","href":"https:\/\/api.w.org\/{rel}","templated":true}]}}