{"id":257,"date":"2018-11-18T14:19:56","date_gmt":"2018-11-18T14:19:56","guid":{"rendered":"http:\/\/demo.sakarmarbo.com\/?page_id=257"},"modified":"2025-05-21T11:02:10","modified_gmt":"2025-05-21T11:02:10","slug":"full-body-porcelain-vitrified-tile","status":"publish","type":"page","link":"https:\/\/www.sakarmarbo.com\/es\/tiles\/full-body-porcelain-vitrified-tile\/","title":{"rendered":"Porcelanato Vitrificado de Cuerpo Completo"},"content":{"rendered":"<h2 style=\"font-size: 30px;\">Fabricantes L\u00edderes de Porcelanato Vitrificado de Cuerpo Completo<\/h2>\n<h3>D\u00e9 un aspecto elegante con el Porcelanato Vitrificado de Cuerpo Completo<\/h3>\n<p style=\"text-align: justify;\">El porcelanato de cuerpo completo es una baldosa de porcelana sin esmaltar que se componen de arcillas naturales. Como su nombre indica, el cuerpo completo de la baldosa es el dise\u00f1o y el color de la superficie de todo el cuerpo es el mismo. Se elabora utilizando la mezcla de arcillas naturales refinadas y pigmentos naturales de diferentes colores. Despu\u00e9s de pasar por la fase de sinterizado y prensado, la baldosa homog\u00e9nea se elabora a partir de la mezcla. Este proceso de fabricaci\u00f3n de baldosas vitrificadas de cuerpo entero en la India es muy similar al proceso natural de formaci\u00f3n de piedras a partir de sedimentos.<\/p>\n<p style=\"text-align: justify;\">En SakarMarbo, ofrecemos una colecci\u00f3n \u00fanica de baldosas vitrificadas de cuerpo entero que a\u00f1aden valor est\u00e9tico a su espacio. Al no estar esmaltadas, estas baldosas tienen una alta resistencia al deslizamiento, a la abrasi\u00f3n y al desgaste. Popular en el mercado europeo, el porcelanato de cuerpo completo est\u00e1 disponible en acabado brillante, mate y rugoso. Debido a sus caracter\u00edsticas robustas, son ampliamente utilizados en espacios comerciales de tr\u00e1fico pesado (exteriores).<\/p>\n<p style=\"text-align: justify;\">As\u00ed como la mayor\u00eda de los fabricantes de baldosas de cuerpo completo en Morbi, Italia y Espa\u00f1a se jactan, SakarMarbo tambi\u00e9n ofrece el porcelanato de cuerpo completo en espesores de 10 mm, 12 mm, 16 mm y 20 mm. Explore nuestra colecci\u00f3n distintiva y d\u00e9 una mirada rica a su exterior.<\/p>\n","protected":false},"excerpt":{"rendered":"<p>Fabricantes L\u00edderes de Porcelanato Vitrificado de Cuerpo Completo D\u00e9 un aspecto elegante con el Porcelanato Vitrificado de Cuerpo Completo El porcelanato de cuerpo completo es una baldosa de porcelana sin esmaltar que se componen de arcillas naturales. Como su nombre indica, el cuerpo completo de la baldosa es el dise\u00f1o y el color de la [&hellip;]<\/p>\n","protected":false},"author":1,"featured_media":259,"parent":31,"menu_order":7,"comment_status":"closed","ping_status":"closed","template":"page-product.php","meta":{"_acf_changed":false,"footnotes":""},"class_list":["post-257","page","type-page","status-publish","has-post-thumbnail","hentry","page_type-product-page"],"acf":[],"_links":{"self":[{"href":"https:\/\/www.sakarmarbo.com\/es\/wp-json\/wp\/v2\/pages\/257","targetHints":{"allow":["GET"]}}],"collection":[{"href":"https:\/\/www.sakarmarbo.com\/es\/wp-json\/wp\/v2\/pages"}],"about":[{"href":"https:\/\/www.sakarmarbo.com\/es\/wp-json\/wp\/v2\/types\/page"}],"author":[{"embeddable":true,"href":"https:\/\/www.sakarmarbo.com\/es\/wp-json\/wp\/v2\/users\/1"}],"replies":[{"embeddable":true,"href":"https:\/\/www.sakarmarbo.com\/es\/wp-json\/wp\/v2\/comments?post=257"}],"version-history":[{"count":30,"href":"https:\/\/www.sakarmarbo.com\/es\/wp-json\/wp\/v2\/pages\/257\/revisions"}],"predecessor-version":[{"id":4109,"href":"https:\/\/www.sakarmarbo.com\/es\/wp-json\/wp\/v2\/pages\/257\/revisions\/4109"}],"up":[{"embeddable":true,"href":"https:\/\/www.sakarmarbo.com\/es\/wp-json\/wp\/v2\/pages\/31"}],"wp:featuredmedia":[{"embeddable":true,"href":"https:\/\/www.sakarmarbo.com\/es\/wp-json\/wp\/v2\/media\/259"}],"wp:attachment":[{"href":"https:\/\/www.sakarmarbo.com\/es\/wp-json\/wp\/v2\/media?parent=257"}],"curies":[{"name":"wp","href":"https:\/\/api.w.org\/{rel}","templated":true}]}}