{"id":330,"date":"2018-12-26T13:23:55","date_gmt":"2018-12-26T13:23:55","guid":{"rendered":"https:\/\/www.sakarmarbo.com\/?page_id=330"},"modified":"2023-04-10T05:02:23","modified_gmt":"2023-04-10T05:02:23","slug":"step-riser-and-wood-look-tile","status":"publish","type":"page","link":"https:\/\/www.sakarmarbo.com\/es\/tiles\/step-riser-and-wood-look-tile\/","title":{"rendered":"Baldosas de Pelda\u00f1os y Contrahuella de Escalera que lucen como Madera"},"content":{"rendered":"<h2 style=\"font-size: 30px;\">Fabricante L\u00edder de Baldosas Vitrificadas<\/h2>\n<h3>Ampl\u00ede su espacio con Baldosas de Pelda\u00f1os y Contrahuellas de Escalera que lucen como Madera<\/h3>\n<p style=\"text-align: justify;\">Las baldosas para escaleras est\u00e1n disponibles en forma de pelda\u00f1os y contrahuellas. La baldosa de pelda\u00f1o es para la parte horizontal de la escalera y la de contrahuella cubre la parte vertical de la misma. Ya sea que desee darle un toque de color o mantenerlo como una mezcla elegante o convertirlo en un arte de mosaico o darle un toque ambiental, tenemos una colecci\u00f3n con clase que se adapta a sus necesidades espec\u00edficas. SakarMarbo es un fabricante de baldosas para elevadores de escalones de primer nivel que ofrece baldosas para escaleras en diferentes patrones y tama\u00f1os.<\/p>\n<p style=\"text-align: justify;\">Las baldosas con aspecto de madera son baldosas de porcelana esmaltados digitales utilizados en aplicaciones de pisos. Como fabricante l\u00edder de baldosas de aspecto de madera, desarrollamos baldosas de aspecto de madera en el formato de tira con un acabado perfecto. En muchos mercados, estas baldosas son populares como baldosas de bricolaje que ampl\u00edan su espacio. Fabricamos estas baldosas de aspecto de madera con clase en diferentes tama\u00f1os y patrones variados.<\/p>\n","protected":false},"excerpt":{"rendered":"<p>Fabricante L\u00edder de Baldosas Vitrificadas Ampl\u00ede su espacio con Baldosas de Pelda\u00f1os y Contrahuellas de Escalera que lucen como Madera Las baldosas para escaleras est\u00e1n disponibles en forma de pelda\u00f1os y contrahuellas. La baldosa de pelda\u00f1o es para la parte horizontal de la escalera y la de contrahuella cubre la parte vertical de la misma. [&hellip;]<\/p>\n","protected":false},"author":3,"featured_media":373,"parent":31,"menu_order":11,"comment_status":"closed","ping_status":"closed","template":"page-product.php","meta":{"_acf_changed":false,"footnotes":""},"class_list":["post-330","page","type-page","status-publish","has-post-thumbnail","hentry","page_type-product-page"],"acf":[],"_links":{"self":[{"href":"https:\/\/www.sakarmarbo.com\/es\/wp-json\/wp\/v2\/pages\/330","targetHints":{"allow":["GET"]}}],"collection":[{"href":"https:\/\/www.sakarmarbo.com\/es\/wp-json\/wp\/v2\/pages"}],"about":[{"href":"https:\/\/www.sakarmarbo.com\/es\/wp-json\/wp\/v2\/types\/page"}],"author":[{"embeddable":true,"href":"https:\/\/www.sakarmarbo.com\/es\/wp-json\/wp\/v2\/users\/3"}],"replies":[{"embeddable":true,"href":"https:\/\/www.sakarmarbo.com\/es\/wp-json\/wp\/v2\/comments?post=330"}],"version-history":[{"count":35,"href":"https:\/\/www.sakarmarbo.com\/es\/wp-json\/wp\/v2\/pages\/330\/revisions"}],"predecessor-version":[{"id":368,"href":"https:\/\/www.sakarmarbo.com\/es\/wp-json\/wp\/v2\/pages\/330\/revisions\/368"}],"up":[{"embeddable":true,"href":"https:\/\/www.sakarmarbo.com\/es\/wp-json\/wp\/v2\/pages\/31"}],"wp:featuredmedia":[{"embeddable":true,"href":"https:\/\/www.sakarmarbo.com\/es\/wp-json\/wp\/v2\/media\/373"}],"wp:attachment":[{"href":"https:\/\/www.sakarmarbo.com\/es\/wp-json\/wp\/v2\/media?parent=330"}],"curies":[{"name":"wp","href":"https:\/\/api.w.org\/{rel}","templated":true}]}}