{"id":34,"date":"2018-11-04T16:26:03","date_gmt":"2018-11-04T16:26:03","guid":{"rendered":"http:\/\/demo.sakarmarbo.com\/?page_id=34"},"modified":"2025-06-05T11:21:08","modified_gmt":"2025-06-05T11:21:08","slug":"soluble-salt-nano-floor-tile","status":"publish","type":"page","link":"https:\/\/www.sakarmarbo.com\/es\/tiles\/soluble-salt-nano-floor-tile\/","title":{"rendered":"Nano Baldosas de Sales Solubles"},"content":{"rendered":"<h2 style=\"font-size: 30px;\">L\u00edder en la Fabricaci\u00f3n de Baldosas de Sal Soluble en la India<\/h2>\n<h3>Equipe su Espacio con Baldosas de Sal Soluble Asequibles y Elegantes<\/h3>\n<p style=\"text-align: justify;\">Las baldosas de sal soluble son elaboradas a base de marfil (liso y de dise\u00f1o) que se pueden desarrollar con una tecnolog\u00eda sencilla. El dise\u00f1o de la superficie de la baldosa se imprime utilizando serigraf\u00eda en color l\u00edquido. El material de la baldosa absorbe la sal soluble para pintar el dise\u00f1o sobre la esta despu\u00e9s de calentarla en el horno. Despu\u00e9s del proceso de serigraf\u00eda, las baldosas se pulen para obtener una mayor suavidad y luego se recubren con el recubrimiento de nano-materiales.<\/p>\n<p style=\"text-align: justify;\">SakarMarbo ofrece una gama peculiar de baldosas de sal soluble a la par con los principales fabricantes de baldosas de sal soluble de Morbi, Italia y Espa\u00f1a. Siendo las baldosas vitrificadas m\u00e1s rentables, las baldosas de sal soluble son ampliamente utilizadas en aplicaciones de pisos que incluyen dormitorio, sala de estar, cocina y otros espacios comerciales y residenciales.<\/p>\n<p style=\"text-align: justify;\">Nuestras baldosas de sal soluble pulidas vienen en 9mm de espesor y son resistentes al agua y a la mugre. La colecci\u00f3n \u00fanica de baldosas de sal soluble de SakarMarbo est\u00e1 especialmente dise\u00f1ada para darle a su espacio un aspecto rico a un precio asequible. Ya sea que est\u00e9 deseando adornar el suelo con la colecci\u00f3n m\u00e1s de moda o la m\u00e1s destacada, nosotros le tenemos cubierto.<\/p>\n","protected":false},"excerpt":{"rendered":"<p>L\u00edder en la Fabricaci\u00f3n de Baldosas de Sal Soluble en la India Equipe su Espacio con Baldosas de Sal Soluble Asequibles y Elegantes Las baldosas de sal soluble son elaboradas a base de marfil (liso y de dise\u00f1o) que se pueden desarrollar con una tecnolog\u00eda sencilla. El dise\u00f1o de la superficie de la baldosa se [&hellip;]<\/p>\n","protected":false},"author":1,"featured_media":269,"parent":31,"menu_order":0,"comment_status":"closed","ping_status":"closed","template":"page-product.php","meta":{"_acf_changed":false,"footnotes":""},"class_list":["post-34","page","type-page","status-publish","has-post-thumbnail","hentry","page_type-product-page"],"acf":[],"_links":{"self":[{"href":"https:\/\/www.sakarmarbo.com\/es\/wp-json\/wp\/v2\/pages\/34","targetHints":{"allow":["GET"]}}],"collection":[{"href":"https:\/\/www.sakarmarbo.com\/es\/wp-json\/wp\/v2\/pages"}],"about":[{"href":"https:\/\/www.sakarmarbo.com\/es\/wp-json\/wp\/v2\/types\/page"}],"author":[{"embeddable":true,"href":"https:\/\/www.sakarmarbo.com\/es\/wp-json\/wp\/v2\/users\/1"}],"replies":[{"embeddable":true,"href":"https:\/\/www.sakarmarbo.com\/es\/wp-json\/wp\/v2\/comments?post=34"}],"version-history":[{"count":59,"href":"https:\/\/www.sakarmarbo.com\/es\/wp-json\/wp\/v2\/pages\/34\/revisions"}],"predecessor-version":[{"id":3907,"href":"https:\/\/www.sakarmarbo.com\/es\/wp-json\/wp\/v2\/pages\/34\/revisions\/3907"}],"up":[{"embeddable":true,"href":"https:\/\/www.sakarmarbo.com\/es\/wp-json\/wp\/v2\/pages\/31"}],"wp:featuredmedia":[{"embeddable":true,"href":"https:\/\/www.sakarmarbo.com\/es\/wp-json\/wp\/v2\/media\/269"}],"wp:attachment":[{"href":"https:\/\/www.sakarmarbo.com\/es\/wp-json\/wp\/v2\/media?parent=34"}],"curies":[{"name":"wp","href":"https:\/\/api.w.org\/{rel}","templated":true}]}}