{"id":36,"date":"2018-11-04T16:26:35","date_gmt":"2018-11-04T16:26:35","guid":{"rendered":"http:\/\/demo.sakarmarbo.com\/?page_id=36"},"modified":"2025-05-21T10:59:57","modified_gmt":"2025-05-21T10:59:57","slug":"double-charged-porcelain-vitrified-floor-tile","status":"publish","type":"page","link":"https:\/\/www.sakarmarbo.com\/es\/tiles\/double-charged-porcelain-vitrified-floor-tile\/","title":{"rendered":"Porcelanato  Vitrificado de Doble Carga"},"content":{"rendered":"<h2 style=\"font-size: 30px;\">Fabricante L\u00edder de Baldosas de Doble Carga en la India<\/h2>\n<h3>Redefina el Lujo con Baldosas Vitrificadas de Doble Carga<\/h3>\n<p style=\"text-align: justify;\">Como su nombre indica, las baldosas de doble carga se fabrican mediante la infusi\u00f3n de dos capas juntas. La capa superior est\u00e1 formada por la mezcla de dise\u00f1o que forma casi el 30% del espesor de la baldosa (alrededor de 3 a 4 mm). Para desarrollar la capa de dise\u00f1o, la materia prima de la baldosa se mezcla con pigmento de color y se prensa en una m\u00e1quina de prensa hidr\u00e1ulica bajo alta presi\u00f3n en la parte superior de la base.<\/p>\n<p style=\"text-align: justify;\">El porcelanato de doble carga se puede utilizar en zonas de mucho tr\u00e1fico, ya que son muy duraderas y resistentes al desgaste. Es resistente a la suciedad y a la mugre y puede retener el brillo durante a\u00f1os. Por su robustez y variedad de dise\u00f1os, es el suelo m\u00e1s adecuado para espacios comerciales como hoteles, restaurantes, centros comerciales, bibliotecas, aeropuertos, hospitales y, por supuesto, viviendas. Nuestra gama de porcelanato de doble carga es una soluci\u00f3n viable tanto para aplicaciones interiores como exteriores, ya que est\u00e1 a la altura de los principales fabricantes de baldosas vitrificadas de doble carga de Morbi y de los principales fabricantes de baldosas de Italia y Espa\u00f1a.<\/p>\n<p style=\"text-align: justify;\">El porcelanato de doble carga recibe un acabado liso con recubrimiento de nano-materiales. El recubrimiento juega un papel importante en las propiedades beneficiarias de las baldosas, como resistencia a las manchas y al desgaste y antibacterias. Las baldosas tienen una superficie homog\u00e9nea y dan una sensaci\u00f3n y apariencia de m\u00e1rmol muy natural que define el ambiente lujoso de su espacio.<\/p>\n<p style=\"text-align: justify;\">Explore nuestra colecci\u00f3n \u00fanica de baldosas vitrificadas duraderas Doble Carga y actualice su espacio.<\/p>\n","protected":false},"excerpt":{"rendered":"<p>Fabricante L\u00edder de Baldosas de Doble Carga en la India Redefina el Lujo con Baldosas Vitrificadas de Doble Carga Como su nombre indica, las baldosas de doble carga se fabrican mediante la infusi\u00f3n de dos capas juntas. La capa superior est\u00e1 formada por la mezcla de dise\u00f1o que forma casi el 30% del espesor de [&hellip;]<\/p>\n","protected":false},"author":1,"featured_media":265,"parent":31,"menu_order":2,"comment_status":"closed","ping_status":"closed","template":"page-product.php","meta":{"_acf_changed":false,"footnotes":""},"class_list":["post-36","page","type-page","status-publish","has-post-thumbnail","hentry","page_type-product-page"],"acf":[],"_links":{"self":[{"href":"https:\/\/www.sakarmarbo.com\/es\/wp-json\/wp\/v2\/pages\/36","targetHints":{"allow":["GET"]}}],"collection":[{"href":"https:\/\/www.sakarmarbo.com\/es\/wp-json\/wp\/v2\/pages"}],"about":[{"href":"https:\/\/www.sakarmarbo.com\/es\/wp-json\/wp\/v2\/types\/page"}],"author":[{"embeddable":true,"href":"https:\/\/www.sakarmarbo.com\/es\/wp-json\/wp\/v2\/users\/1"}],"replies":[{"embeddable":true,"href":"https:\/\/www.sakarmarbo.com\/es\/wp-json\/wp\/v2\/comments?post=36"}],"version-history":[{"count":41,"href":"https:\/\/www.sakarmarbo.com\/es\/wp-json\/wp\/v2\/pages\/36\/revisions"}],"predecessor-version":[{"id":4081,"href":"https:\/\/www.sakarmarbo.com\/es\/wp-json\/wp\/v2\/pages\/36\/revisions\/4081"}],"up":[{"embeddable":true,"href":"https:\/\/www.sakarmarbo.com\/es\/wp-json\/wp\/v2\/pages\/31"}],"wp:featuredmedia":[{"embeddable":true,"href":"https:\/\/www.sakarmarbo.com\/es\/wp-json\/wp\/v2\/media\/265"}],"wp:attachment":[{"href":"https:\/\/www.sakarmarbo.com\/es\/wp-json\/wp\/v2\/media?parent=36"}],"curies":[{"name":"wp","href":"https:\/\/api.w.org\/{rel}","templated":true}]}}