{"id":3815,"date":"2025-06-16T11:16:24","date_gmt":"2025-06-16T11:16:24","guid":{"rendered":"https:\/\/www.sakarmarbo.com\/?page_id=3815"},"modified":"2025-07-23T08:11:41","modified_gmt":"2025-07-23T08:11:41","slug":"porcelain-tiles-manufacturer-in-india","status":"publish","type":"page","link":"https:\/\/www.sakarmarbo.com\/es\/porcelain-tiles-manufacturer-in-india\/","title":{"rendered":"Fabricante de azulejos de porcelana en Morbi, India"},"content":{"rendered":"<p>SakarMarbo lleva 25 a\u00f1os liderando la industria de baldosas en India. Con sede en Morbi, nos hemos consolidado como fabricantes de porcelanato de confianza a nivel nacional e internacional. Gracias a tecnolog\u00eda avanzada, maquinaria de \u00faltima generaci\u00f3n y rigurosos controles de calidad, garantizamos que cada pieza represente precisi\u00f3n, dise\u00f1o excepcional y durabilidad.<\/p>\n<p>Las baldosas de porcelana son una soluci\u00f3n robusta, de alta calidad, duradera y muy rentable. Ideales para revestir suelos o paredes, son perfectas para salas de estar, dormitorios, cocinas, ba\u00f1os, encimeras y espacios comerciales.<br \/>\nComo fabricante l\u00edder, ofrecemos una colecci\u00f3n exclusiva con variedad de patrones, colores, texturas y acabados.<\/p>\n<p>Nuestras baldosas tienen caracter\u00edsticas como baja absorci\u00f3n de agua, antideslizante y resistencia a rayaduras, haciendo de ellas una opci\u00f3n segura y vers\u00e1til.<\/p>\n","protected":false},"excerpt":{"rendered":"<p>SakarMarbo lleva 25 a\u00f1os liderando la industria de baldosas en India. Con sede en Morbi, nos hemos consolidado como fabricantes de porcelanato de confianza a nivel nacional e internacional. Gracias a tecnolog\u00eda avanzada, maquinaria de \u00faltima generaci\u00f3n y rigurosos controles de calidad, garantizamos que cada pieza represente precisi\u00f3n, dise\u00f1o excepcional y durabilidad. Las baldosas de [&hellip;]<\/p>\n","protected":false},"author":3,"featured_media":0,"parent":0,"menu_order":0,"comment_status":"closed","ping_status":"closed","template":"page-main-category.php","meta":{"_acf_changed":false,"footnotes":""},"class_list":["post-3815","page","type-page","status-publish","hentry"],"acf":[],"_links":{"self":[{"href":"https:\/\/www.sakarmarbo.com\/es\/wp-json\/wp\/v2\/pages\/3815","targetHints":{"allow":["GET"]}}],"collection":[{"href":"https:\/\/www.sakarmarbo.com\/es\/wp-json\/wp\/v2\/pages"}],"about":[{"href":"https:\/\/www.sakarmarbo.com\/es\/wp-json\/wp\/v2\/types\/page"}],"author":[{"embeddable":true,"href":"https:\/\/www.sakarmarbo.com\/es\/wp-json\/wp\/v2\/users\/3"}],"replies":[{"embeddable":true,"href":"https:\/\/www.sakarmarbo.com\/es\/wp-json\/wp\/v2\/comments?post=3815"}],"version-history":[{"count":45,"href":"https:\/\/www.sakarmarbo.com\/es\/wp-json\/wp\/v2\/pages\/3815\/revisions"}],"predecessor-version":[{"id":4233,"href":"https:\/\/www.sakarmarbo.com\/es\/wp-json\/wp\/v2\/pages\/3815\/revisions\/4233"}],"wp:attachment":[{"href":"https:\/\/www.sakarmarbo.com\/es\/wp-json\/wp\/v2\/media?parent=3815"}],"curies":[{"name":"wp","href":"https:\/\/api.w.org\/{rel}","templated":true}]}}