{"id":3913,"date":"2025-06-17T07:45:33","date_gmt":"2025-06-17T07:45:33","guid":{"rendered":"https:\/\/www.sakarmarbo.com\/?page_id=3913"},"modified":"2025-07-23T08:15:28","modified_gmt":"2025-07-23T08:15:28","slug":"ceramic-tiles-manufacturer-in-india","status":"publish","type":"page","link":"https:\/\/www.sakarmarbo.com\/es\/ceramic-tiles-manufacturer-in-india\/","title":{"rendered":"Fabricante de azulejos cer\u00e1micos en Morbi, India"},"content":{"rendered":"<p>Los azulejos cer\u00e1micos se han consolidado como la mejor opci\u00f3n en soluciones de revestimiento gracias a su atractivo atemporal, elegancia est\u00e9tica y durabilidad, tanto en espacios residenciales como comerciales. La amplia disponibilidad de colores, tama\u00f1os, acabados y dise\u00f1os \u00fanicos te permite crear espacios cautivadores y distintivos, tanto interiores como exteriores.<\/p>\n<p>El azulejo cer\u00e1mico es conocido por su versatilidad, flexibilidad en dise\u00f1o y resistencia, al igual que <strong>SakarMarbo<\/strong>, con nuestra exclusiva gama de lujosos azulejos cer\u00e1micos para paredes, innovaci\u00f3n constante y enfoque centrado en el cliente. Nuestro equipo de expertos redefine la excelencia, posicion\u00e1ndose entre los principales fabricantes de azulejos cer\u00e1micos en India, gracias a su esfuerzo constante por mantener la alta calidad de nuestros productos. Garantizamos una calidad insuperable, artesan\u00eda de primer nivel y dise\u00f1os est\u00e9ticamente sobresalientes que capturan la atenci\u00f3n de una clientela global apasionada por el dise\u00f1o.<\/p>\n<p>Nuestra tecnolog\u00eda de vanguardia nos permite dar vida a tus dise\u00f1os so\u00f1ados en forma de azulejos cer\u00e1micos, asegurando que cada pieza sea creada con perfecci\u00f3n. Si buscas opciones de azulejos adecuadas, elegantes y sofisticadas para ba\u00f1os, salones, cocinas, entradas, suelos decorativos o aplicaciones comerciales, ofrecemos soluciones completas para satisfacer tus necesidades.<\/p>\n","protected":false},"excerpt":{"rendered":"<p>Los azulejos cer\u00e1micos se han consolidado como la mejor opci\u00f3n en soluciones de revestimiento gracias a su atractivo atemporal, elegancia est\u00e9tica y durabilidad, tanto en espacios residenciales como comerciales. La amplia disponibilidad de colores, tama\u00f1os, acabados y dise\u00f1os \u00fanicos te permite crear espacios cautivadores y distintivos, tanto interiores como exteriores. El azulejo cer\u00e1mico es conocido [&hellip;]<\/p>\n","protected":false},"author":3,"featured_media":0,"parent":0,"menu_order":0,"comment_status":"closed","ping_status":"closed","template":"page-main-category.php","meta":{"_acf_changed":false,"footnotes":""},"class_list":["post-3913","page","type-page","status-publish","hentry"],"acf":[],"_links":{"self":[{"href":"https:\/\/www.sakarmarbo.com\/es\/wp-json\/wp\/v2\/pages\/3913","targetHints":{"allow":["GET"]}}],"collection":[{"href":"https:\/\/www.sakarmarbo.com\/es\/wp-json\/wp\/v2\/pages"}],"about":[{"href":"https:\/\/www.sakarmarbo.com\/es\/wp-json\/wp\/v2\/types\/page"}],"author":[{"embeddable":true,"href":"https:\/\/www.sakarmarbo.com\/es\/wp-json\/wp\/v2\/users\/3"}],"replies":[{"embeddable":true,"href":"https:\/\/www.sakarmarbo.com\/es\/wp-json\/wp\/v2\/comments?post=3913"}],"version-history":[{"count":30,"href":"https:\/\/www.sakarmarbo.com\/es\/wp-json\/wp\/v2\/pages\/3913\/revisions"}],"predecessor-version":[{"id":4236,"href":"https:\/\/www.sakarmarbo.com\/es\/wp-json\/wp\/v2\/pages\/3913\/revisions\/4236"}],"wp:attachment":[{"href":"https:\/\/www.sakarmarbo.com\/es\/wp-json\/wp\/v2\/media?parent=3913"}],"curies":[{"name":"wp","href":"https:\/\/api.w.org\/{rel}","templated":true}]}}