{"id":40,"date":"2018-11-04T16:27:25","date_gmt":"2018-11-04T16:27:25","guid":{"rendered":"http:\/\/demo.sakarmarbo.com\/?page_id=40"},"modified":"2023-04-20T09:18:10","modified_gmt":"2023-04-20T09:18:10","slug":"digital-glazed-porcelain-vitrified-floor-tile","status":"publish","type":"page","link":"https:\/\/www.sakarmarbo.com\/es\/tiles\/digital-glazed-porcelain-vitrified-floor-tile\/","title":{"rendered":"Porcelanato Vitrificado Digitales"},"content":{"rendered":"<h2 style=\"font-size: 30px;\">Fabricante L\u00edder de Baldosas Esmaltadas Vitrificadas Digitales en la India<\/h2>\n<h3>Adorne su espacio con las atractivas Baldosas Esmaltadas Vitrificadas Digitales<\/h3>\n<p style=\"text-align: justify;\">Las baldosas esmaltadas vitrificadas digitales son las baldosas de uso popular que se desarrollan utilizando la tecnolog\u00eda de impresi\u00f3n digital. Son baldosas de una sola capa prensadas en la m\u00e1quina de prensado hidr\u00e1ulico bajo alta presi\u00f3n para lograr la durabilidad. Estas baldosas se imprimen m\u00e1s tarde con la impresora de inyecci\u00f3n de tinta de alta calidad y se pueden hacer varias formas de arte y dise\u00f1os atractivos en estas. Podemos desarrollar baldosas vitrificadas esmaltados digitales en una amplia variedad de impresiones y dise\u00f1os para satisfacer sus necesidades \u00fanicas.<\/p>\n<p style=\"text-align: justify;\">Somos un fabricante pionero de baldosas y baldosas vitrificados esmaltados digitales que cuentan con baldosas y baldosas esmaltadas en varios acabados como Matte, Rustic, Sugar y Lapato. Las impresiones digitales est\u00e1n hechas a mano sobre el recubrimiento de esmalte, por lo que podemos desarrollar miles de dise\u00f1os est\u00e9ticamente atractivos. El recubrimiento final de nano-materiales en la baldosa la hace resistente a las manchas, al desgaste y a las bacterias. Es ampliamente utilizado para aplicaciones en interiores y exteriores en los espacios comerciales y en los hogares.<\/p>\n<p style=\"text-align: justify;\">Los fabricantes de baldosas PGVT en Morbi, Gujarat, han aumentado el alcance de estas baldosas y hoy en d\u00eda se han utilizado en todo el mundo para dise\u00f1ar espacios elegantes. Explore nuestra exclusiva gama de baldosas esmaltadas digitales y embellezca su espacio.<\/p>\n","protected":false},"excerpt":{"rendered":"<p>Fabricante L\u00edder de Baldosas Esmaltadas Vitrificadas Digitales en la India Adorne su espacio con las atractivas Baldosas Esmaltadas Vitrificadas Digitales Las baldosas esmaltadas vitrificadas digitales son las baldosas de uso popular que se desarrollan utilizando la tecnolog\u00eda de impresi\u00f3n digital. Son baldosas de una sola capa prensadas en la m\u00e1quina de prensado hidr\u00e1ulico bajo alta [&hellip;]<\/p>\n","protected":false},"author":1,"featured_media":263,"parent":31,"menu_order":6,"comment_status":"closed","ping_status":"closed","template":"page-product.php","meta":{"_acf_changed":false,"footnotes":""},"class_list":["post-40","page","type-page","status-publish","has-post-thumbnail","hentry","page_type-product-page"],"acf":[],"_links":{"self":[{"href":"https:\/\/www.sakarmarbo.com\/es\/wp-json\/wp\/v2\/pages\/40","targetHints":{"allow":["GET"]}}],"collection":[{"href":"https:\/\/www.sakarmarbo.com\/es\/wp-json\/wp\/v2\/pages"}],"about":[{"href":"https:\/\/www.sakarmarbo.com\/es\/wp-json\/wp\/v2\/types\/page"}],"author":[{"embeddable":true,"href":"https:\/\/www.sakarmarbo.com\/es\/wp-json\/wp\/v2\/users\/1"}],"replies":[{"embeddable":true,"href":"https:\/\/www.sakarmarbo.com\/es\/wp-json\/wp\/v2\/comments?post=40"}],"version-history":[{"count":51,"href":"https:\/\/www.sakarmarbo.com\/es\/wp-json\/wp\/v2\/pages\/40\/revisions"}],"predecessor-version":[{"id":3024,"href":"https:\/\/www.sakarmarbo.com\/es\/wp-json\/wp\/v2\/pages\/40\/revisions\/3024"}],"up":[{"embeddable":true,"href":"https:\/\/www.sakarmarbo.com\/es\/wp-json\/wp\/v2\/pages\/31"}],"wp:featuredmedia":[{"embeddable":true,"href":"https:\/\/www.sakarmarbo.com\/es\/wp-json\/wp\/v2\/media\/263"}],"wp:attachment":[{"href":"https:\/\/www.sakarmarbo.com\/es\/wp-json\/wp\/v2\/media?parent=40"}],"curies":[{"name":"wp","href":"https:\/\/api.w.org\/{rel}","templated":true}]}}