{"id":4020,"date":"2025-06-18T04:22:13","date_gmt":"2025-06-18T04:22:13","guid":{"rendered":"https:\/\/www.sakarmarbo.com\/?page_id=4020"},"modified":"2025-07-23T08:13:50","modified_gmt":"2025-07-23T08:13:50","slug":"vitrified-tiles-manufacturer-in-india","status":"publish","type":"page","link":"https:\/\/www.sakarmarbo.com\/es\/vitrified-tiles-manufacturer-in-india\/","title":{"rendered":"Fabricante de Baldosas Vitrificadas en India"},"content":{"rendered":"<p>La elecci\u00f3n correcta del suelo marca una gran diferencia al redefinir tus espacios residenciales o comerciales. Las baldosas vitrificadas son una de las opciones m\u00e1s preferidas gracias a su resistencia, durabilidad, resistencia qu\u00edmica, versatilidad est\u00e9tica y f\u00e1cil mantenimiento, ideales para una amplia gama de aplicaciones.<\/p>\n<p>Como las baldosas vitrificadas destacan por su elegancia y resistencia duraderas, <strong>SakarMarbo<\/strong>, un nombre l\u00edder entre los fabricantes de baldosas vitrificadas en India, sobresale ofreciendo excelencia en la fabricaci\u00f3n de baldosas.<\/p>\n<p>Con m\u00e1s de dos d\u00e9cadas de experiencia, entendemos la importancia de las elecciones de nuestros clientes y ofrecemos productos de calidad premium que cumplen con los m\u00e1s altos est\u00e1ndares internacionales. Nuestra tecnolog\u00eda de vanguardia, dise\u00f1os innovadores, artesan\u00eda excepcional y compromiso con la calidad consolidan nuestro liderazgo en la industria cer\u00e1mica. Nuestro equipo trabaja arduamente para ofrecer baldosas vitrificadas de la mejor calidad, desde baldosas digitales hasta vitrificadas pulidas.<\/p>\n","protected":false},"excerpt":{"rendered":"<p>La elecci\u00f3n correcta del suelo marca una gran diferencia al redefinir tus espacios residenciales o comerciales. Las baldosas vitrificadas son una de las opciones m\u00e1s preferidas gracias a su resistencia, durabilidad, resistencia qu\u00edmica, versatilidad est\u00e9tica y f\u00e1cil mantenimiento, ideales para una amplia gama de aplicaciones. Como las baldosas vitrificadas destacan por su elegancia y resistencia [&hellip;]<\/p>\n","protected":false},"author":3,"featured_media":0,"parent":0,"menu_order":0,"comment_status":"closed","ping_status":"closed","template":"page-main-category.php","meta":{"_acf_changed":false,"footnotes":""},"class_list":["post-4020","page","type-page","status-publish","hentry"],"acf":[],"_links":{"self":[{"href":"https:\/\/www.sakarmarbo.com\/es\/wp-json\/wp\/v2\/pages\/4020","targetHints":{"allow":["GET"]}}],"collection":[{"href":"https:\/\/www.sakarmarbo.com\/es\/wp-json\/wp\/v2\/pages"}],"about":[{"href":"https:\/\/www.sakarmarbo.com\/es\/wp-json\/wp\/v2\/types\/page"}],"author":[{"embeddable":true,"href":"https:\/\/www.sakarmarbo.com\/es\/wp-json\/wp\/v2\/users\/3"}],"replies":[{"embeddable":true,"href":"https:\/\/www.sakarmarbo.com\/es\/wp-json\/wp\/v2\/comments?post=4020"}],"version-history":[{"count":24,"href":"https:\/\/www.sakarmarbo.com\/es\/wp-json\/wp\/v2\/pages\/4020\/revisions"}],"predecessor-version":[{"id":4157,"href":"https:\/\/www.sakarmarbo.com\/es\/wp-json\/wp\/v2\/pages\/4020\/revisions\/4157"}],"wp:attachment":[{"href":"https:\/\/www.sakarmarbo.com\/es\/wp-json\/wp\/v2\/media?parent=4020"}],"curies":[{"name":"wp","href":"https:\/\/api.w.org\/{rel}","templated":true}]}}