{"id":42,"date":"2018-11-04T16:27:48","date_gmt":"2018-11-04T16:27:48","guid":{"rendered":"http:\/\/demo.sakarmarbo.com\/?page_id=42"},"modified":"2025-05-21T11:17:22","modified_gmt":"2025-05-21T11:17:22","slug":"parking-tile-manufacturer","status":"publish","type":"page","link":"https:\/\/www.sakarmarbo.com\/es\/tiles\/parking-tile-manufacturer\/","title":{"rendered":"Baldosa de Aparcamiento"},"content":{"rendered":"<h2 style=\"font-size: 30px;\">Fabricante de Baldosas para Aparcamiento de Primera Clase en la India<\/h2>\n<h3>Establezca la Anticipaci\u00f3n del Estilo con las Baldosas para Aparcamiento<\/h3>\n<p style=\"text-align: justify;\">Las baldosas vitrificadas para aparcamientos tienen esta gran responsabilidad de crear las primeras impresiones. Para cualquier propiedad, el aparcamiento, la entrada o el exterior establece la anticipaci\u00f3n de la sensaci\u00f3n y el dise\u00f1o de toda la propiedad. Equipar las zonas de aceras con nuestra gama de baldosas de aparcamiento le permitir\u00e1 establecer un est\u00e1ndar para que los visitantes puedan anticiparse a su visita. Tenemos una amplia cartera de baldosas de aparcamiento que se adaptan a sus necesidades \u00fanicas.<\/p>\n<p style=\"text-align: justify;\">Las baldosas vitrificadas para aparcamiento le permiten equipar su pavimento o patio con el estilo adecuado a un precio asequible. Son capaces de soportar cargas pesadas y son altamente duraderos y de bajo mantenimiento. Ofrecemos baldosas de aparcamiento normal a base de terracota y marfil y baldosas de aparcamiento digital fabricadas con tecnolog\u00eda de impresi\u00f3n por chorro de tinta.<\/p>\n<p style=\"text-align: justify;\">Explore nuestra colecci\u00f3n de baldosas para aparcamientos o exteriores que est\u00e1 a la par con los principales fabricantes de baldosas para aparcamientos de Morbi y con los principales fabricantes de baldosas de Italia y Espa\u00f1a.<\/p>\n","protected":false},"excerpt":{"rendered":"<p>Fabricante de Baldosas para Aparcamiento de Primera Clase en la India Establezca la Anticipaci\u00f3n del Estilo con las Baldosas para Aparcamiento Las baldosas vitrificadas para aparcamientos tienen esta gran responsabilidad de crear las primeras impresiones. Para cualquier propiedad, el aparcamiento, la entrada o el exterior establece la anticipaci\u00f3n de la sensaci\u00f3n y el dise\u00f1o de [&hellip;]<\/p>\n","protected":false},"author":1,"featured_media":135,"parent":31,"menu_order":8,"comment_status":"closed","ping_status":"closed","template":"page-product.php","meta":{"_acf_changed":false,"footnotes":""},"class_list":["post-42","page","type-page","status-publish","has-post-thumbnail","hentry","page_type-product-page"],"acf":[],"_links":{"self":[{"href":"https:\/\/www.sakarmarbo.com\/es\/wp-json\/wp\/v2\/pages\/42","targetHints":{"allow":["GET"]}}],"collection":[{"href":"https:\/\/www.sakarmarbo.com\/es\/wp-json\/wp\/v2\/pages"}],"about":[{"href":"https:\/\/www.sakarmarbo.com\/es\/wp-json\/wp\/v2\/types\/page"}],"author":[{"embeddable":true,"href":"https:\/\/www.sakarmarbo.com\/es\/wp-json\/wp\/v2\/users\/1"}],"replies":[{"embeddable":true,"href":"https:\/\/www.sakarmarbo.com\/es\/wp-json\/wp\/v2\/comments?post=42"}],"version-history":[{"count":37,"href":"https:\/\/www.sakarmarbo.com\/es\/wp-json\/wp\/v2\/pages\/42\/revisions"}],"predecessor-version":[{"id":3711,"href":"https:\/\/www.sakarmarbo.com\/es\/wp-json\/wp\/v2\/pages\/42\/revisions\/3711"}],"up":[{"embeddable":true,"href":"https:\/\/www.sakarmarbo.com\/es\/wp-json\/wp\/v2\/pages\/31"}],"wp:featuredmedia":[{"embeddable":true,"href":"https:\/\/www.sakarmarbo.com\/es\/wp-json\/wp\/v2\/media\/135"}],"wp:attachment":[{"href":"https:\/\/www.sakarmarbo.com\/es\/wp-json\/wp\/v2\/media?parent=42"}],"curies":[{"name":"wp","href":"https:\/\/api.w.org\/{rel}","templated":true}]}}