{"id":44,"date":"2018-11-04T16:28:05","date_gmt":"2018-11-04T16:28:05","guid":{"rendered":"http:\/\/demo.sakarmarbo.com\/?page_id=44"},"modified":"2025-06-16T06:25:19","modified_gmt":"2025-06-16T06:25:19","slug":"ceramic-digital-wall-tile","status":"publish","type":"page","link":"https:\/\/www.sakarmarbo.com\/es\/tiles\/ceramic-digital-wall-tile\/","title":{"rendered":"Baldosas Digitales de Cer\u00e1mica para Pared"},"content":{"rendered":"<h2 style=\"font-size: 30px;\">Fabricante L\u00edder de Baldosas Digitales de Cer\u00e1mica para Pared<\/h2>\n<h3>D\u00e9 el Aspecto Deseado con las Baldosas Digitales de Cer\u00e1mica para pared<\/h3>\n<p style=\"text-align: justify;\">Las baldosas digitales de cer\u00e1mica est\u00e1n hechas de arena natural y se calientan en el horno a una temperatura de 800 a 900 grados cent\u00edgrados. Vienen con recubrimiento de esmalte y se imprimen utilizando tecnolog\u00eda de impresi\u00f3n digital. Como estas baldosas se pueden desarrollar en una variedad de impresiones y dise\u00f1os atractivos, pueden dar la apariencia deseada a su espacio. Tanto si eres un admirador de la naturaleza como si buscas pegar algo tradicional o simplemente mantenerlo con clase, o si buscas difundir el aura de la elegancia, las baldosas cer\u00e1micas te ayudan a crear el estilo de tu lugar de la manera que deseas.<\/p>\n<p style=\"text-align: justify;\">El punto culminante de las baldosas digitales cer\u00e1micas de la pared es que permite que usted d\u00e9 la s\u00faplica deseada a su espacio interior en un precio bajo. Por lo general, el estilo personalizado de cualquier lugar har\u00eda que te despojaras de tu bonito centavo en gran cantidad. Nuestra exclusiva gama de revestimientos cer\u00e1micos digitales en la India est\u00e1 dise\u00f1ada para satisfacer especialmente sus necesidades a un coste asequible. Es resistente al agua (12 &#8211; 15% de absorci\u00f3n), libre de corrosi\u00f3n y durable. Ofrecemos revestimientos cer\u00e1micos digitales en acabado brillante y mate en dise\u00f1os lisos, as\u00ed como en variados y atractivos dise\u00f1os.<\/p>\n","protected":false},"excerpt":{"rendered":"<p>Fabricante L\u00edder de Baldosas Digitales de Cer\u00e1mica para Pared D\u00e9 el Aspecto Deseado con las Baldosas Digitales de Cer\u00e1mica para pared Las baldosas digitales de cer\u00e1mica est\u00e1n hechas de arena natural y se calientan en el horno a una temperatura de 800 a 900 grados cent\u00edgrados. Vienen con recubrimiento de esmalte y se imprimen utilizando [&hellip;]<\/p>\n","protected":false},"author":1,"featured_media":274,"parent":31,"menu_order":10,"comment_status":"closed","ping_status":"closed","template":"page-product.php","meta":{"_acf_changed":false,"footnotes":""},"class_list":["post-44","page","type-page","status-publish","has-post-thumbnail","hentry","page_type-product-page"],"acf":[],"_links":{"self":[{"href":"https:\/\/www.sakarmarbo.com\/es\/wp-json\/wp\/v2\/pages\/44","targetHints":{"allow":["GET"]}}],"collection":[{"href":"https:\/\/www.sakarmarbo.com\/es\/wp-json\/wp\/v2\/pages"}],"about":[{"href":"https:\/\/www.sakarmarbo.com\/es\/wp-json\/wp\/v2\/types\/page"}],"author":[{"embeddable":true,"href":"https:\/\/www.sakarmarbo.com\/es\/wp-json\/wp\/v2\/users\/1"}],"replies":[{"embeddable":true,"href":"https:\/\/www.sakarmarbo.com\/es\/wp-json\/wp\/v2\/comments?post=44"}],"version-history":[{"count":41,"href":"https:\/\/www.sakarmarbo.com\/es\/wp-json\/wp\/v2\/pages\/44\/revisions"}],"predecessor-version":[{"id":3911,"href":"https:\/\/www.sakarmarbo.com\/es\/wp-json\/wp\/v2\/pages\/44\/revisions\/3911"}],"up":[{"embeddable":true,"href":"https:\/\/www.sakarmarbo.com\/es\/wp-json\/wp\/v2\/pages\/31"}],"wp:featuredmedia":[{"embeddable":true,"href":"https:\/\/www.sakarmarbo.com\/es\/wp-json\/wp\/v2\/media\/274"}],"wp:attachment":[{"href":"https:\/\/www.sakarmarbo.com\/es\/wp-json\/wp\/v2\/media?parent=44"}],"curies":[{"name":"wp","href":"https:\/\/api.w.org\/{rel}","templated":true}]}}