{"id":65,"date":"2018-11-04T17:56:54","date_gmt":"2018-11-04T17:56:54","guid":{"rendered":"http:\/\/demo.sakarmarbo.com\/?page_id=65"},"modified":"2025-07-23T09:11:52","modified_gmt":"2025-07-23T09:11:52","slug":"import-tile-from-morbi-gujarat-india","status":"publish","type":"page","link":"https:\/\/www.sakarmarbo.com\/es\/import-tile-from-morbi-gujarat-india\/","title":{"rendered":"Importador"},"content":{"rendered":"<p><img decoding=\"async\" src=\"https:\/\/www.sakarmarbo.com\/wp-content\/uploads\/2019\/02\/1.Importer.png\" alt=\"Importer\" \/><\/p>\n<p style=\"text-align: justify;\">SakarMarbo cuenta con 20 a\u00f1os de experiencia en el dise\u00f1o, gracias a su tecnolog\u00eda de vanguardia y de calidad internacional, y a su potencial para entregar baldosas de excelente calidad.<\/p>\n<p style=\"text-align: justify;\">Desde nuestra fundaci\u00f3n en 1998, nos hemos unido a muchos clientes en todo el mundo. Gracias a nuestros amplios conocimientos, experiencia y excelencia, contamos con una s\u00f3lida base de clientes en todo el mundo y exportamos nuestras baldosas a unos 20 pa\u00edses. Creemos en establecer una relaci\u00f3n saludable poniendo nuestros mejores esfuerzos para prestar un servicio sin precedentes. Como la calidad siempre ha sido nuestra principal preocupaci\u00f3n, todos los importadores a los que hemos servido han quedado satisfechos con nuestro servicio.<\/p>\n<h3>Soporte al Cliente sin Compromisos<\/h3>\n<p style=\"text-align: justify;\">SakarMarbo entiende la preocupaci\u00f3n del importador por abastecerse de un fabricante seguro y fiable que pueda satisfacer sus necesidades espec\u00edficas. Damos energ\u00eda a nuestro equipo para adaptar sus necesidades precisas y estar disponibles a su servicio.<\/p>\n<ul>\n<li>1) Muestras gratuitas de baldosas para asegurar la calidad antes de hacer el pedido.<\/li>\n<li>2) Soporte al cliente 24*7 independientemente de la diferencia horaria entre su pa\u00eds y la India.<\/li>\n<li>3) Actualizaciones contin\u00faas del departamento de producci\u00f3n sobre el estado de su pedido.<\/li>\n<li>4) Opci\u00f3n de env\u00edo conveniente como FOB, CIF, y CNF.<\/li>\n<li>5) Entrega puntual garantizada.<\/li>\n<\/ul>\n","protected":false},"excerpt":{"rendered":"<p>SakarMarbo cuenta con 20 a\u00f1os de experiencia en el dise\u00f1o, gracias a su tecnolog\u00eda de vanguardia y de calidad internacional, y a su potencial para entregar baldosas de excelente calidad. Desde nuestra fundaci\u00f3n en 1998, nos hemos unido a muchos clientes en todo el mundo. Gracias a nuestros amplios conocimientos, experiencia y excelencia, contamos con [&hellip;]<\/p>\n","protected":false},"author":1,"featured_media":0,"parent":0,"menu_order":2,"comment_status":"closed","ping_status":"closed","template":"page-customer-segment.php","meta":{"_acf_changed":false,"footnotes":""},"class_list":["post-65","page","type-page","status-publish","hentry","page_type-customer-segment-page"],"acf":[],"_links":{"self":[{"href":"https:\/\/www.sakarmarbo.com\/es\/wp-json\/wp\/v2\/pages\/65","targetHints":{"allow":["GET"]}}],"collection":[{"href":"https:\/\/www.sakarmarbo.com\/es\/wp-json\/wp\/v2\/pages"}],"about":[{"href":"https:\/\/www.sakarmarbo.com\/es\/wp-json\/wp\/v2\/types\/page"}],"author":[{"embeddable":true,"href":"https:\/\/www.sakarmarbo.com\/es\/wp-json\/wp\/v2\/users\/1"}],"replies":[{"embeddable":true,"href":"https:\/\/www.sakarmarbo.com\/es\/wp-json\/wp\/v2\/comments?post=65"}],"version-history":[{"count":37,"href":"https:\/\/www.sakarmarbo.com\/es\/wp-json\/wp\/v2\/pages\/65\/revisions"}],"predecessor-version":[{"id":3721,"href":"https:\/\/www.sakarmarbo.com\/es\/wp-json\/wp\/v2\/pages\/65\/revisions\/3721"}],"wp:attachment":[{"href":"https:\/\/www.sakarmarbo.com\/es\/wp-json\/wp\/v2\/media?parent=65"}],"curies":[{"name":"wp","href":"https:\/\/api.w.org\/{rel}","templated":true}]}}