{"id":67,"date":"2018-11-04T17:57:59","date_gmt":"2018-11-04T17:57:59","guid":{"rendered":"http:\/\/demo.sakarmarbo.com\/?page_id=67"},"modified":"2019-10-01T11:58:29","modified_gmt":"2019-10-01T11:58:29","slug":"tile-distributor-india","status":"publish","type":"page","link":"https:\/\/www.sakarmarbo.com\/es\/tile-distributor-india\/","title":{"rendered":"Distribuidor"},"content":{"rendered":"<h3>Elogiamos sus Estantes<\/h3>\n<p><img decoding=\"async\" src=\"https:\/\/www.sakarmarbo.com\/wp-content\/uploads\/2019\/02\/2.-Distributor.png\" alt=\"Distribuidor\" \/><\/p>\n<p style=\"text-align: justify;\">Para los distribuidores empresariales, a la hora de elegir a su proveedor de baldosas, estos tres factores van de la mano: Dise\u00f1o, Tendencia y Calidad.<\/p>\n<p style=\"text-align: justify;\">SakarMarbo catering, principalmente en los siempre vers\u00e1tiles territorios de porcelana\/vitrificadas y cer\u00e1micos, ofrece una extraordinaria colecci\u00f3n con una mir\u00edada de patrones.<\/p>\n<p style=\"text-align: justify;\">Para un distribuidor, presentar el tipo adecuado de productos en sus estanter\u00edas es el camino directo para ganar clientes. Desarrollando baldosas en diferentes dise\u00f1os est\u00e9ticos, diferentes acabados y diferentes formatos m\u00e1s finos y m\u00e1s grandes, SakarMarbo manifiesta sus preocupaciones, sin dejar piedra sin remover.<\/p>\n<p style=\"text-align: justify;\">En la actualidad, la innovaci\u00f3n tecnol\u00f3gica tiene una gran parte del cr\u00e9dito por el auge de la industria azulejera. Estamos orgullosos de que nuestras unidades de fabricaci\u00f3n est\u00e9n equipadas con la \u00faltima tecnolog\u00eda europea.<\/p>\n<p style=\"text-align: justify;\">Como somos fabricantes l\u00edderes, tenemos clientes en todo el mundo. Por lo tanto, tenemos especial cuidado en la entrega de sus productos de forma segura y en el tiempo comprometido. Atendemos muy de cerca los requisitos de entrega y nos aseguramos de que cree valor cuando llega a los distribuidores.<\/p>\n","protected":false},"excerpt":{"rendered":"<p>Elogiamos sus Estantes Para los distribuidores empresariales, a la hora de elegir a su proveedor de baldosas, estos tres factores van de la mano: Dise\u00f1o, Tendencia y Calidad. SakarMarbo catering, principalmente en los siempre vers\u00e1tiles territorios de porcelana\/vitrificadas y cer\u00e1micos, ofrece una extraordinaria colecci\u00f3n con una mir\u00edada de patrones. Para un distribuidor, presentar el tipo [&hellip;]<\/p>\n","protected":false},"author":1,"featured_media":0,"parent":0,"menu_order":4,"comment_status":"closed","ping_status":"closed","template":"page-customer-segment.php","meta":{"_acf_changed":false,"footnotes":""},"class_list":["post-67","page","type-page","status-publish","hentry","page_type-customer-segment-page"],"acf":[],"_links":{"self":[{"href":"https:\/\/www.sakarmarbo.com\/es\/wp-json\/wp\/v2\/pages\/67","targetHints":{"allow":["GET"]}}],"collection":[{"href":"https:\/\/www.sakarmarbo.com\/es\/wp-json\/wp\/v2\/pages"}],"about":[{"href":"https:\/\/www.sakarmarbo.com\/es\/wp-json\/wp\/v2\/types\/page"}],"author":[{"embeddable":true,"href":"https:\/\/www.sakarmarbo.com\/es\/wp-json\/wp\/v2\/users\/1"}],"replies":[{"embeddable":true,"href":"https:\/\/www.sakarmarbo.com\/es\/wp-json\/wp\/v2\/comments?post=67"}],"version-history":[{"count":24,"href":"https:\/\/www.sakarmarbo.com\/es\/wp-json\/wp\/v2\/pages\/67\/revisions"}],"predecessor-version":[{"id":1227,"href":"https:\/\/www.sakarmarbo.com\/es\/wp-json\/wp\/v2\/pages\/67\/revisions\/1227"}],"wp:attachment":[{"href":"https:\/\/www.sakarmarbo.com\/es\/wp-json\/wp\/v2\/media?parent=67"}],"curies":[{"name":"wp","href":"https:\/\/api.w.org\/{rel}","templated":true}]}}