{"id":69,"date":"2018-11-04T17:58:10","date_gmt":"2018-11-04T17:58:10","guid":{"rendered":"http:\/\/demo.sakarmarbo.com\/?page_id=69"},"modified":"2022-06-24T06:54:29","modified_gmt":"2022-06-24T06:54:29","slug":"strong-tiles-residential-commercial-project-builders","status":"publish","type":"page","link":"https:\/\/www.sakarmarbo.com\/es\/strong-tiles-residential-commercial-project-builders\/","title":{"rendered":"Constructor"},"content":{"rendered":"<h3>A\u00f1adimos valor a su dise\u00f1o<\/h3>\n<p><img decoding=\"async\" src=\"https:\/\/www.sakarmarbo.com\/wp-content\/uploads\/2019\/02\/3.-Builder.png\" alt=\"Constructor\" \/><\/p>\n<p style=\"text-align: justify;\">Para los constructores, es de suma importancia hacer una declaraci\u00f3n con las baldosas que colocan en su propiedad. Requerir\u00edan un fabricante de baldosas fiable y de calidad para obtener baldosas de calidad superior que sean elegantes y que se ajusten al presupuesto del proyecto.<\/p>\n<p style=\"text-align: justify;\">Ya se trate de un proyecto comercial, residencial o gubernamental, con SakarMarbo puede estar seguro de la calidad. Con el fin de ayudarle a mantenerse al d\u00eda con las estrictas regulaciones como RERA, nuestro equipo pone esfuerzos cohesivos para prestar una entrega oportuna. Somos una marca internacional acreditada por varios organismos autorizados (certificados CE, ISO 9001:2015 y m\u00e1s).<\/p>\n<p style=\"text-align: justify;\">Para todos sus proyectos espec\u00edficos, tenemos una soluci\u00f3n de alicatado que satisface sus necesidades. Nuestra gama de dise\u00f1os tiene esa magn\u00edfica y lujosa sensaci\u00f3n que a\u00f1ade valor a su proyecto y crea mejores impresiones.<\/p>\n","protected":false},"excerpt":{"rendered":"<p>A\u00f1adimos valor a su dise\u00f1o Para los constructores, es de suma importancia hacer una declaraci\u00f3n con las baldosas que colocan en su propiedad. Requerir\u00edan un fabricante de baldosas fiable y de calidad para obtener baldosas de calidad superior que sean elegantes y que se ajusten al presupuesto del proyecto. Ya se trate de un proyecto [&hellip;]<\/p>\n","protected":false},"author":1,"featured_media":0,"parent":0,"menu_order":6,"comment_status":"closed","ping_status":"closed","template":"page-customer-segment.php","meta":{"_acf_changed":false,"footnotes":""},"class_list":["post-69","page","type-page","status-publish","hentry","page_type-customer-segment-page"],"acf":[],"_links":{"self":[{"href":"https:\/\/www.sakarmarbo.com\/es\/wp-json\/wp\/v2\/pages\/69","targetHints":{"allow":["GET"]}}],"collection":[{"href":"https:\/\/www.sakarmarbo.com\/es\/wp-json\/wp\/v2\/pages"}],"about":[{"href":"https:\/\/www.sakarmarbo.com\/es\/wp-json\/wp\/v2\/types\/page"}],"author":[{"embeddable":true,"href":"https:\/\/www.sakarmarbo.com\/es\/wp-json\/wp\/v2\/users\/1"}],"replies":[{"embeddable":true,"href":"https:\/\/www.sakarmarbo.com\/es\/wp-json\/wp\/v2\/comments?post=69"}],"version-history":[{"count":22,"href":"https:\/\/www.sakarmarbo.com\/es\/wp-json\/wp\/v2\/pages\/69\/revisions"}],"predecessor-version":[{"id":2903,"href":"https:\/\/www.sakarmarbo.com\/es\/wp-json\/wp\/v2\/pages\/69\/revisions\/2903"}],"wp:attachment":[{"href":"https:\/\/www.sakarmarbo.com\/es\/wp-json\/wp\/v2\/media?parent=69"}],"curies":[{"name":"wp","href":"https:\/\/api.w.org\/{rel}","templated":true}]}}