{"id":71,"date":"2018-11-04T17:58:29","date_gmt":"2018-11-04T17:58:29","guid":{"rendered":"http:\/\/demo.sakarmarbo.com\/?page_id=71"},"modified":"2019-10-01T12:00:50","modified_gmt":"2019-10-01T12:00:50","slug":"home-office-flooring","status":"publish","type":"page","link":"https:\/\/www.sakarmarbo.com\/es\/home-office-flooring\/","title":{"rendered":"Propietario de Casa\/Oficina"},"content":{"rendered":"<h3>Embellecemos su casa<\/h3>\n<p><img decoding=\"async\" src=\"https:\/\/www.sakarmarbo.com\/wp-content\/uploads\/2019\/02\/4.-HomeOffice-Owner.png\" alt=\"Home\/Office Owner\" \/><\/p>\n<p style=\"text-align: justify;\">Mientras visualizaba c\u00f3mo ser\u00eda la casa u oficina de sus sue\u00f1os, debe haber imaginado el aspecto y la sensaci\u00f3n de su espacio. Los propietarios de casas y oficinas son muy espec\u00edficos cuando empiezan a buscar opciones de baldosas. Hay momentos en que usted sabe el aspecto que desea en su casa u oficina, pero no son capaces de encontrar que el partido perfecto de baldosas.<\/p>\n<p style=\"text-align: justify;\">En SakarMarbo, tenemos una amplia colecci\u00f3n de baldosas que satisfacen las diferentes preferencias de sensaci\u00f3n de un espacio. Adem\u00e1s, nuestros expertos tienen ideas bajo la manga que le ayudar\u00e1n a mejorar el aspecto de su espacio. Nuestra soluci\u00f3n de baldosas a\u00f1adir\u00e1 estilo y atractivo visual a su espacio y siempre podr\u00e1 sorprender a sus invitados con la elegancia de su nuevo dise\u00f1o de hogar u oficina.<\/p>\n","protected":false},"excerpt":{"rendered":"<p>Embellecemos su casa Mientras visualizaba c\u00f3mo ser\u00eda la casa u oficina de sus sue\u00f1os, debe haber imaginado el aspecto y la sensaci\u00f3n de su espacio. Los propietarios de casas y oficinas son muy espec\u00edficos cuando empiezan a buscar opciones de baldosas. Hay momentos en que usted sabe el aspecto que desea en su casa u [&hellip;]<\/p>\n","protected":false},"author":1,"featured_media":0,"parent":0,"menu_order":8,"comment_status":"closed","ping_status":"closed","template":"page-customer-segment.php","meta":{"_acf_changed":false,"footnotes":""},"class_list":["post-71","page","type-page","status-publish","hentry","page_type-customer-segment-page"],"acf":[],"_links":{"self":[{"href":"https:\/\/www.sakarmarbo.com\/es\/wp-json\/wp\/v2\/pages\/71","targetHints":{"allow":["GET"]}}],"collection":[{"href":"https:\/\/www.sakarmarbo.com\/es\/wp-json\/wp\/v2\/pages"}],"about":[{"href":"https:\/\/www.sakarmarbo.com\/es\/wp-json\/wp\/v2\/types\/page"}],"author":[{"embeddable":true,"href":"https:\/\/www.sakarmarbo.com\/es\/wp-json\/wp\/v2\/users\/1"}],"replies":[{"embeddable":true,"href":"https:\/\/www.sakarmarbo.com\/es\/wp-json\/wp\/v2\/comments?post=71"}],"version-history":[{"count":18,"href":"https:\/\/www.sakarmarbo.com\/es\/wp-json\/wp\/v2\/pages\/71\/revisions"}],"predecessor-version":[{"id":1229,"href":"https:\/\/www.sakarmarbo.com\/es\/wp-json\/wp\/v2\/pages\/71\/revisions\/1229"}],"wp:attachment":[{"href":"https:\/\/www.sakarmarbo.com\/es\/wp-json\/wp\/v2\/media?parent=71"}],"curies":[{"name":"wp","href":"https:\/\/api.w.org\/{rel}","templated":true}]}}