{"id":2,"date":"2018-09-12T15:26:26","date_gmt":"2018-09-12T15:26:26","guid":{"rendered":"http:\/\/clients.omnimonk.biz\/sakarmarbo\/?page_id=2"},"modified":"2025-07-23T09:10:24","modified_gmt":"2025-07-23T09:10:24","slug":"about-top-tile-company-india","status":"publish","type":"page","link":"https:\/\/www.sakarmarbo.com\/fr\/about-top-tile-company-india\/","title":{"rendered":"L&#8217;une des meilleures entreprises de carrelage en Inde"},"content":{"rendered":"<h2>Une Entreprise de tuiles de premier plan au Gujarat<\/h2>\n<h3>Inspirer le changement<\/h3>\n<p style=\"text-align: justify;\">Sakar Granito (India) Private Limited, \u00e9tant donn\u00e9 l&#8217;appellation populaire \u00abSakarMarbo\u00bb, a \u00e9t\u00e9 cr\u00e9\u00e9e en 1998 dans le but de cr\u00e9er une diff\u00e9rence dans l&#8217;industrie du carrelage. En relevant le d\u00e9fi de d\u00e9velopper des tuiles de qualit\u00e9 sup\u00e9rieure en Inde, SakarMarbo a bris\u00e9 les bulles d\u2019hypoth\u00e8ses en atteignant une croissance \u00e0 part enti\u00e8re. En d\u00e9veloppant des designs impeccables et splendides, nous avons r\u00e9ussi \u00e0 \u00e9tablir une r\u00e9f\u00e9rence dans la ligue des carreaux de c\u00e9ramique et de porcelaine \/ vitrifi\u00e9s. Avec des efforts sans compromis, nous proposons des solutions de mosa\u00efque incomparables et inspirons ainsi le changement au niveau mondial.<\/p>\n<h3>Port\u00e9 par l&#8217;innovation<\/h3>\n<p style=\"text-align: justify;\">SakarMarbo est uniquement motiv\u00e9 par l&#8217;innovation, car la soci\u00e9t\u00e9 n&#8217;a de cesse de proposer des produits de design. Soutenue par la pens\u00e9e de conception et le leadership de cinq entrepreneurs visionnaires, la soci\u00e9t\u00e9 de carrelage a \u00e9t\u00e9 cr\u00e9\u00e9e pour prendre une avance innovante dans le secteur. Notre personnel dynamique assume la responsabilit\u00e9 z\u00e9l\u00e9e d&#8217;inculquer le facteur d&#8217;innovation dans l&#8217;\u00e2me de notre marque. Depuis notre fondation, notre soci\u00e9t\u00e9 avait clairement d\u00e9fini le principe de fonctionnement &#8211; Fabriquer des produits de qualit\u00e9 sup\u00e9rieure et \u00e9l\u00e9gants qui donnent un attrait \u00e9l\u00e9gant et \u00e9ternel et qui apportent la plus grande satisfaction de la client\u00e8le avec un service d\u00e9di\u00e9.Chaque jour qui passe, nous essayons de d\u00e9finir de nouveaux points de rep\u00e8re pour que l\u2019industrie regarde vers l\u2019avenir.<\/p>\n<h3>M\u00e9lange intelligent de design et de technologie<\/h3>\n<p style=\"text-align: justify;\">Chez SakarMarbo, nous disposons d\u2019une infrastructure de pointe, nos locaux de fabrication \u00e9tant \u00e9quip\u00e9s de la technologie de pointe europ\u00e9enne import\u00e9e de Sacmi, en Italie. Avec le m\u00e9lange intelligent de la conception cr\u00e9ative et de la technologie haut de gamme, nous offrons une gamme de produits standard internationaux. Nous avons une \u00e9quipe de technocrates potentiels et une \u00e9quipe exp\u00e9riment\u00e9e de R &#038; D pour g\u00e9rer notre processus de production \u00e9tendu. Notre technologie de pointe r\u00e9pond potentiellement aux exigences de performance et d&#8217;esth\u00e9tique des concepteurs, architectes, agents immobiliers, agences gouvernementales, acheteurs en gros des entreprises, propri\u00e9taires de maison et de bureau.<\/p>\n<h3>Croissance Awestruck<\/h3>\n<p style=\"text-align: justify;\">Fond\u00e9e en 1998, la soci\u00e9t\u00e9 Sakar Granito (India) Private Limited est devenue le premier fabricant de carreaux du Gujarat, en Inde. Anim\u00e9s par la passion de faire la diff\u00e9rence et la recherche permanente de l&#8217;excellence, nous avons acquis une r\u00e9putation mondiale. SakarMarbo est l\u2019une des soci\u00e9t\u00e9s phares de l\u2019industrie du carrelage, principalement dans le d\u00e9veloppement de carreaux en gr\u00e8s c\u00e9rame \/ vitrifi\u00e9 et de carreaux en c\u00e9ramique de classe mondiale. Avec le principal site de fabrication situ\u00e9 \u00e0 Rajpura, Gujarat, nous avons des bureaux \u00e0 Ahmedabad et \u00e0 Mumbai; le QG est \u00e0 Ahmedabad. En l&#8217;espace de seulement 20 ans depuis notre fondation, la soci\u00e9t\u00e9 a connu une croissance fulgurante de 50 fois.<\/p>\n<h3>Ressentez l&#8217;aura de la sophistication<\/h3>\n<p style=\"text-align: justify;\">SakarMarbo est anim\u00e9 par le leadership visionnaire de cinq entrepreneurs qui se sont lanc\u00e9s dans cette aventure avec le r\u00eave de faire de leur entreprise l\u2019\u00e9mergence d\u2019un leader mondial. La philosophie de base de la soci\u00e9t\u00e9 est de cr\u00e9er une marque qui allie innovation, excellence et cr\u00e9ativit\u00e9. Soucieuse de faire les choses en grand, la soci\u00e9t\u00e9 a cr\u00e9\u00e9 des produits distinctifs qui allient \u00e9l\u00e9gance et caract\u00e8re substantiel sur une note parfaite. En allant avec l&#8217;affirmation \u00ab Ressentez la douceur sur le hard rock\u00bb , notre gamme formidable de produits vous laisse ressentir l&#8217;aura de la sophistication dans tous les cas.<\/p>\n<h3>Empreintes mondiales<\/h3>\n<p style=\"text-align: justify;\">SakarMarbo est pr\u00e9sent dans PAN India avec des canaux de distribution r\u00e9partis entre divers d\u00e9taillants et distributeurs. Avec une gamme de produits internationale, nous livrons r\u00e9guli\u00e8rement nos carreaux dans des pays comme le Mexico, USA, UK, Saudi Arabia, UAE, Canada, Indonesia, Malaysia, Australia, Africa, Brazil, Ukraine et bien d&#8217;autres. Avec une base de client\u00e8le solide r\u00e9partie dans diff\u00e9rentes parties du monde, nous l&#8217;avons fait figurer parmi les plus grandes marques de carreaux de porcelaine et de c\u00e9ramique au monde.<\/p>\n<p>Explorez notre collection unique qui correspond aux entreprises de carrelage en c\u00e9ramique et vitrifi\u00e9es du Morbi, en Espagne et en Italie.<\/p>\n<p><a class=\"theme-btn btn-style-two scroll-to-target\" href=\"https:\/\/www.sakarmarbo.com\/fr\/tiles\/\" data-subject=\"Price List for Tiles\">Explorer<\/a><\/p>\n","protected":false},"excerpt":{"rendered":"<p>Une Entreprise de tuiles de premier plan au Gujarat Inspirer le changement Sakar Granito (India) Private Limited, \u00e9tant donn\u00e9 l&#8217;appellation populaire \u00abSakarMarbo\u00bb, a \u00e9t\u00e9 cr\u00e9\u00e9e en 1998 dans le but de cr\u00e9er une diff\u00e9rence dans l&#8217;industrie du carrelage. En relevant le d\u00e9fi de d\u00e9velopper des tuiles de qualit\u00e9 sup\u00e9rieure en Inde, SakarMarbo a bris\u00e9 les [&hellip;]<\/p>\n","protected":false},"author":1,"featured_media":0,"parent":0,"menu_order":0,"comment_status":"closed","ping_status":"open","template":"","meta":{"_acf_changed":false,"footnotes":""},"class_list":["post-2","page","type-page","status-publish","hentry"],"acf":[],"_links":{"self":[{"href":"https:\/\/www.sakarmarbo.com\/fr\/wp-json\/wp\/v2\/pages\/2","targetHints":{"allow":["GET"]}}],"collection":[{"href":"https:\/\/www.sakarmarbo.com\/fr\/wp-json\/wp\/v2\/pages"}],"about":[{"href":"https:\/\/www.sakarmarbo.com\/fr\/wp-json\/wp\/v2\/types\/page"}],"author":[{"embeddable":true,"href":"https:\/\/www.sakarmarbo.com\/fr\/wp-json\/wp\/v2\/users\/1"}],"replies":[{"embeddable":true,"href":"https:\/\/www.sakarmarbo.com\/fr\/wp-json\/wp\/v2\/comments?post=2"}],"version-history":[{"count":51,"href":"https:\/\/www.sakarmarbo.com\/fr\/wp-json\/wp\/v2\/pages\/2\/revisions"}],"predecessor-version":[{"id":3699,"href":"https:\/\/www.sakarmarbo.com\/fr\/wp-json\/wp\/v2\/pages\/2\/revisions\/3699"}],"wp:attachment":[{"href":"https:\/\/www.sakarmarbo.com\/fr\/wp-json\/wp\/v2\/media?parent=2"}],"curies":[{"name":"wp","href":"https:\/\/api.w.org\/{rel}","templated":true}]}}