{"id":257,"date":"2018-11-18T14:19:56","date_gmt":"2018-11-18T14:19:56","guid":{"rendered":"http:\/\/demo.sakarmarbo.com\/?page_id=257"},"modified":"2025-05-21T11:02:10","modified_gmt":"2025-05-21T11:02:10","slug":"full-body-porcelain-vitrified-tile","status":"publish","type":"page","link":"https:\/\/www.sakarmarbo.com\/fr\/tiles\/full-body-porcelain-vitrified-tile\/","title":{"rendered":"Carreau de porcelaine \/ vitrifi\u00e9 complet"},"content":{"rendered":"<h2 style=\"font-size: 30px;\">Principaux fabricants de carreaux de porcelaine corps entier en Inde<\/h2>\n<h3>Donnez un look \u00e9l\u00e9gant avec des carreaux de porcelaine pleine masse<\/h3>\n<p style=\"text-align: justify;\">Les carreaux de porcelaine pleine masse sont des carreaux de porcelaine non \u00e9maill\u00e9s compos\u00e9s d&#8217;argiles naturelles. Comme son nom l&#8217;indique, le corps entier du carreau correspond \u00e0 la conception et la couleur de la surface de tout le corps est identique. Il est fabriqu\u00e9 \u00e0 partir d&#8217;un m\u00e9lange d&#8217;argiles naturelles raffin\u00e9es et de pigments naturels de diff\u00e9rentes couleurs. Apr\u00e8s la phase de frittage et de pressage, le carreau homog\u00e8ne est fabriqu\u00e9 \u00e0 partir du m\u00e9lange. Ce processus de fabrication de carreaux vitrifi\u00e9s de tout le corps en Inde est assez similaire au processus naturel de formation de pierres \u00e0 partir de s\u00e9diments.<\/p>\n<p style=\"text-align: justify;\">Chez SakarMarbo, nous proposons une collection unique de carreaux vitrifi\u00e9s int\u00e9graux qui ajoutent une valeur esth\u00e9tique \u00e0 votre espace. Comme ces carreaux ne sont pas \u00e9maill\u00e9s, ils pr\u00e9sentent une r\u00e9sistance \u00e9lev\u00e9e au glissement, \u00e0 l&#8217;abrasion et une r\u00e9sistance \u00e9lev\u00e9e \u00e0 l&#8217;usure et \u00e0 la d\u00e9chirure. Tr\u00e8s populaires sur le march\u00e9 europ\u00e9en, les carreaux en gr\u00e8s c\u00e9rame pleine masse sont disponibles en finition brillante, mate et rugueuse. En raison de leurs caract\u00e9ristiques robustes, ils sont largement utilis\u00e9s dans les espaces commerciaux \u00e0 fort trafic (ext\u00e9rieurs).<\/p>\n<p style=\"text-align: justify;\">Ainsi, comme le font la plupart des fabricants de carreaux complets du Morbi, d&#8217;Italie et d&#8217;Espagne, SakarMarbo propose \u00e9galement les carreaux complets de 10 mm, 12 mm, 16 mm et 20 mm d&#8217;\u00e9paisseur. Explorez notre collection distinctive et donnez un look riche \u00e0 votre ext\u00e9rieur.<\/p>\n","protected":false},"excerpt":{"rendered":"<p>Principaux fabricants de carreaux de porcelaine corps entier en Inde Donnez un look \u00e9l\u00e9gant avec des carreaux de porcelaine pleine masse Les carreaux de porcelaine pleine masse sont des carreaux de porcelaine non \u00e9maill\u00e9s compos\u00e9s d&#8217;argiles naturelles. Comme son nom l&#8217;indique, le corps entier du carreau correspond \u00e0 la conception et la couleur de la [&hellip;]<\/p>\n","protected":false},"author":1,"featured_media":259,"parent":31,"menu_order":7,"comment_status":"closed","ping_status":"closed","template":"page-product.php","meta":{"_acf_changed":false,"footnotes":""},"class_list":["post-257","page","type-page","status-publish","has-post-thumbnail","hentry","page_type-product-page"],"acf":[],"_links":{"self":[{"href":"https:\/\/www.sakarmarbo.com\/fr\/wp-json\/wp\/v2\/pages\/257","targetHints":{"allow":["GET"]}}],"collection":[{"href":"https:\/\/www.sakarmarbo.com\/fr\/wp-json\/wp\/v2\/pages"}],"about":[{"href":"https:\/\/www.sakarmarbo.com\/fr\/wp-json\/wp\/v2\/types\/page"}],"author":[{"embeddable":true,"href":"https:\/\/www.sakarmarbo.com\/fr\/wp-json\/wp\/v2\/users\/1"}],"replies":[{"embeddable":true,"href":"https:\/\/www.sakarmarbo.com\/fr\/wp-json\/wp\/v2\/comments?post=257"}],"version-history":[{"count":30,"href":"https:\/\/www.sakarmarbo.com\/fr\/wp-json\/wp\/v2\/pages\/257\/revisions"}],"predecessor-version":[{"id":4109,"href":"https:\/\/www.sakarmarbo.com\/fr\/wp-json\/wp\/v2\/pages\/257\/revisions\/4109"}],"up":[{"embeddable":true,"href":"https:\/\/www.sakarmarbo.com\/fr\/wp-json\/wp\/v2\/pages\/31"}],"wp:featuredmedia":[{"embeddable":true,"href":"https:\/\/www.sakarmarbo.com\/fr\/wp-json\/wp\/v2\/media\/259"}],"wp:attachment":[{"href":"https:\/\/www.sakarmarbo.com\/fr\/wp-json\/wp\/v2\/media?parent=257"}],"curies":[{"name":"wp","href":"https:\/\/api.w.org\/{rel}","templated":true}]}}