{"id":330,"date":"2018-12-26T13:23:55","date_gmt":"2018-12-26T13:23:55","guid":{"rendered":"https:\/\/www.sakarmarbo.com\/?page_id=330"},"modified":"2023-04-10T05:02:23","modified_gmt":"2023-04-10T05:02:23","slug":"step-riser-and-wood-look-tile","status":"publish","type":"page","link":"https:\/\/www.sakarmarbo.com\/fr\/tiles\/step-riser-and-wood-look-tile\/","title":{"rendered":"Step Riser et tuile aspect bois"},"content":{"rendered":"<h2 style=\"font-size: 30px;\">Premier fabricant de carreaux vitrifi\u00e9s<\/h2>\n<h3>Amplifiez votre espace avec Step Riser et Wood Look Carrel<\/h3>\n<p style=\"text-align: justify;\">Les dalles de contremarche sont disponibles sous forme de bandes de roulement et de dalles de contremarche. La tuile de marches est pour la partie horizontale de l&#8217;escalier et la tuile de contremarche couvre la partie verticale de l&#8217;escalier. Que vous souhaitiez ajouter de la couleur \u00e0 votre style, conserver un m\u00e9lange \u00e9l\u00e9gant, en faire un art de la mosa\u00efque ou cr\u00e9er une ambiance \u00e9cologique, nous avons une collection \u00e9l\u00e9gante qui r\u00e9pond \u00e0 vos besoins sp\u00e9cifiques. SakarMarbo est un fabricant de dalles de contremarche de premier plan proposant des dalles de marche de diff\u00e9rents mod\u00e8les et de diff\u00e9rentes tailles.<\/p>\n<p style=\"text-align: justify;\">Les carreaux aspect bois sont des carreaux de porcelaine \u00e9maill\u00e9s num\u00e9riques utilis\u00e9s dans les applications de plancher. En tant que fabricant majeur de carreaux aspect bois, nous d\u00e9veloppons des carreaux aspect bois en format de bande avec une finition parfaite. Sur de nombreux march\u00e9s, ces carreaux sont populaires en tant que carreaux de bricolage qui amplifient votre espace. Nous fabriquons ces dalles en similicuir de diff\u00e9rentes tailles et mod\u00e8les.<\/p>\n","protected":false},"excerpt":{"rendered":"<p>Premier fabricant de carreaux vitrifi\u00e9s Amplifiez votre espace avec Step Riser et Wood Look Carrel Les dalles de contremarche sont disponibles sous forme de bandes de roulement et de dalles de contremarche. La tuile de marches est pour la partie horizontale de l&#8217;escalier et la tuile de contremarche couvre la partie verticale de l&#8217;escalier. Que [&hellip;]<\/p>\n","protected":false},"author":3,"featured_media":373,"parent":31,"menu_order":11,"comment_status":"closed","ping_status":"closed","template":"page-product.php","meta":{"_acf_changed":false,"footnotes":""},"class_list":["post-330","page","type-page","status-publish","has-post-thumbnail","hentry","page_type-product-page"],"acf":[],"_links":{"self":[{"href":"https:\/\/www.sakarmarbo.com\/fr\/wp-json\/wp\/v2\/pages\/330","targetHints":{"allow":["GET"]}}],"collection":[{"href":"https:\/\/www.sakarmarbo.com\/fr\/wp-json\/wp\/v2\/pages"}],"about":[{"href":"https:\/\/www.sakarmarbo.com\/fr\/wp-json\/wp\/v2\/types\/page"}],"author":[{"embeddable":true,"href":"https:\/\/www.sakarmarbo.com\/fr\/wp-json\/wp\/v2\/users\/3"}],"replies":[{"embeddable":true,"href":"https:\/\/www.sakarmarbo.com\/fr\/wp-json\/wp\/v2\/comments?post=330"}],"version-history":[{"count":35,"href":"https:\/\/www.sakarmarbo.com\/fr\/wp-json\/wp\/v2\/pages\/330\/revisions"}],"predecessor-version":[{"id":368,"href":"https:\/\/www.sakarmarbo.com\/fr\/wp-json\/wp\/v2\/pages\/330\/revisions\/368"}],"up":[{"embeddable":true,"href":"https:\/\/www.sakarmarbo.com\/fr\/wp-json\/wp\/v2\/pages\/31"}],"wp:featuredmedia":[{"embeddable":true,"href":"https:\/\/www.sakarmarbo.com\/fr\/wp-json\/wp\/v2\/media\/373"}],"wp:attachment":[{"href":"https:\/\/www.sakarmarbo.com\/fr\/wp-json\/wp\/v2\/media?parent=330"}],"curies":[{"name":"wp","href":"https:\/\/api.w.org\/{rel}","templated":true}]}}