{"id":34,"date":"2018-11-04T16:26:03","date_gmt":"2018-11-04T16:26:03","guid":{"rendered":"http:\/\/demo.sakarmarbo.com\/?page_id=34"},"modified":"2025-06-05T11:21:08","modified_gmt":"2025-06-05T11:21:08","slug":"soluble-salt-nano-floor-tile","status":"publish","type":"page","link":"https:\/\/www.sakarmarbo.com\/fr\/tiles\/soluble-salt-nano-floor-tile\/","title":{"rendered":"Tuile Nano de Sel Soluble"},"content":{"rendered":"<h2 style=\"font-size: 30px;\">Premier fabricant de carreaux de sel soluble en Inde<\/h2>\n<h3>\u00c9quipez votre espace avec des dalles de sel solubles abordables et \u00e9l\u00e9gantes<\/h3>\n<p style=\"text-align: justify;\">Les carreaux de sel soluble sont des carreaux \u00e0 base d&#8217;ivoire (ivoire brut et ivoire design) qui peuvent \u00eatre d\u00e9velopp\u00e9s avec une technologie simple. Le motif sur la surface du carreau est imprim\u00e9 \u00e0 l\u2019aide d\u2019une s\u00e9rigraphie couleur liquide. Le mat\u00e9riau de la dalle absorbe le sel soluble pour peindre le motif sur la dalle apr\u00e8s son chauffage dans le four. Apr\u00e8s le processus de s\u00e9rigraphie, les carreaux sont polis pour obtenir un fini lisse, puis enduits \u00e0 l\u2019aide du rev\u00eatement nanomat\u00e9riau.<\/p>\n<p style=\"text-align: justify;\">SakarMarbo propose des carreaux distinctifs \u00e0 \u00e9galit\u00e9 avec les principaux fabricants de carreaux de sel soluble du Morbi, d&#8217;Italie et d&#8217;Espagne, et propose une gamme particuli\u00e8re de carreaux de sel solubles abordables. \u00c9tant les carreaux vitrifi\u00e9s les plus rentables, les carreaux de sel soluble sont largement utilis\u00e9s dans les rev\u00eatements de sol, notamment les chambres \u00e0 coucher, les salons, les salons, les cuisines et autres espaces r\u00e9sidentiels et commerciaux.<\/p>\n<p style=\"text-align: justify;\">Nos carreaux en gr\u00e8s c\u00e9rame poli au sel soluble ont une \u00e9paisseur de 9 mm et sont r\u00e9sistants \u00e0 l&#8217;eau et \u00e0 la givre. La collection unique de carreaux de sel soluble de SakarMarbo est sp\u00e9cialement con\u00e7ue pour donner \u00e0 votre espace une apparence riche \u00e0 un prix abordable. Que vous souhaitiez orner le sol avec la collection la plus tendance ou la plus remarquable, nous sommes l\u00e0 pour vous.<\/p>\n","protected":false},"excerpt":{"rendered":"<p>Premier fabricant de carreaux de sel soluble en Inde \u00c9quipez votre espace avec des dalles de sel solubles abordables et \u00e9l\u00e9gantes Les carreaux de sel soluble sont des carreaux \u00e0 base d&#8217;ivoire (ivoire brut et ivoire design) qui peuvent \u00eatre d\u00e9velopp\u00e9s avec une technologie simple. Le motif sur la surface du carreau est imprim\u00e9 \u00e0 [&hellip;]<\/p>\n","protected":false},"author":1,"featured_media":269,"parent":31,"menu_order":0,"comment_status":"closed","ping_status":"closed","template":"page-product.php","meta":{"_acf_changed":false,"footnotes":""},"class_list":["post-34","page","type-page","status-publish","has-post-thumbnail","hentry","page_type-product-page"],"acf":[],"_links":{"self":[{"href":"https:\/\/www.sakarmarbo.com\/fr\/wp-json\/wp\/v2\/pages\/34","targetHints":{"allow":["GET"]}}],"collection":[{"href":"https:\/\/www.sakarmarbo.com\/fr\/wp-json\/wp\/v2\/pages"}],"about":[{"href":"https:\/\/www.sakarmarbo.com\/fr\/wp-json\/wp\/v2\/types\/page"}],"author":[{"embeddable":true,"href":"https:\/\/www.sakarmarbo.com\/fr\/wp-json\/wp\/v2\/users\/1"}],"replies":[{"embeddable":true,"href":"https:\/\/www.sakarmarbo.com\/fr\/wp-json\/wp\/v2\/comments?post=34"}],"version-history":[{"count":59,"href":"https:\/\/www.sakarmarbo.com\/fr\/wp-json\/wp\/v2\/pages\/34\/revisions"}],"predecessor-version":[{"id":3907,"href":"https:\/\/www.sakarmarbo.com\/fr\/wp-json\/wp\/v2\/pages\/34\/revisions\/3907"}],"up":[{"embeddable":true,"href":"https:\/\/www.sakarmarbo.com\/fr\/wp-json\/wp\/v2\/pages\/31"}],"wp:featuredmedia":[{"embeddable":true,"href":"https:\/\/www.sakarmarbo.com\/fr\/wp-json\/wp\/v2\/media\/269"}],"wp:attachment":[{"href":"https:\/\/www.sakarmarbo.com\/fr\/wp-json\/wp\/v2\/media?parent=34"}],"curies":[{"name":"wp","href":"https:\/\/api.w.org\/{rel}","templated":true}]}}