{"id":36,"date":"2018-11-04T16:26:35","date_gmt":"2018-11-04T16:26:35","guid":{"rendered":"http:\/\/demo.sakarmarbo.com\/?page_id=36"},"modified":"2025-05-21T10:59:57","modified_gmt":"2025-05-21T10:59:57","slug":"double-charged-porcelain-vitrified-floor-tile","status":"publish","type":"page","link":"https:\/\/www.sakarmarbo.com\/fr\/tiles\/double-charged-porcelain-vitrified-floor-tile\/","title":{"rendered":"Carreau de porcelaine \/ vitrifi\u00e9 \u00e0 double charge"},"content":{"rendered":"<h2 style=\"font-size: 30px;\">Premier fabricant de tuiles \u00e0 double chargement en Inde<\/h2>\n<h3>Red\u00e9finir le luxe avec des dalles vitrifi\u00e9es \u00e0 double charge<\/h3>\n<p style=\"text-align: justify;\">Comme son nom l&#8217;indique, les dalles \u00e0 double charge, \u00e9galement appel\u00e9es dalles \u00e0 double chargement ou dalles \u00e0 double charge, sont fabriqu\u00e9es en infusant deux couches ensemble. La couche sup\u00e9rieure est constitu\u00e9e du m\u00e9lange de base qui repr\u00e9sente pr\u00e8s de 30% de l\u2019\u00e9paisseur du carreau (environ 3 \u00e0 4 mm). Pour d\u00e9velopper la couche de conception, la mati\u00e8re premi\u00e8re des carreaux est m\u00e9lang\u00e9e avec un pigment de couleur et press\u00e9e dans une presse hydraulique sous haute pression au sommet de la base.<\/p>\n<p style=\"text-align: justify;\">Les carreaux en porcelaine Double Charge peuvent \u00eatre utilis\u00e9s dans les zones \u00e0 forte circulation, car ils sont tr\u00e8s durables et peuvent r\u00e9sister \u00e0 l&#8217;usure et aux d\u00e9chirures. Il r\u00e9siste \u00e0 la salet\u00e9 et \u00e0 la salet\u00e9 et peut conserver son \u00e9clat pendant des ann\u00e9es. En raison de sa robustesse et de sa vari\u00e9t\u00e9 de conceptions, il s\u2019agit du rev\u00eatement de sol le mieux adapt\u00e9 aux espaces commerciaux tels que les h\u00f4tels, restaurants, centres commerciaux, biblioth\u00e8ques, a\u00e9roports, h\u00f4pitaux et, bien s\u00fbr, les maisons. Notre gamme de carreaux en gr\u00e8s c\u00e9rame \u00e0 double charge est une solution r\u00e9alisable pour les applications int\u00e9rieures et ext\u00e9rieures, car elle est comparable \u00e0 celle des principaux fabricants de carreaux vitrifi\u00e9s \u00e0 charge double du Morbi et des principaux fabricants de carreaux en Italie et en Espagne.<\/p>\n<p style=\"text-align: justify;\">Les carreaux de porcelaine \u00e0 double chargement re\u00e7oivent une finition lisse avec un rev\u00eatement nanomat\u00e9riau. Le rev\u00eatement joue un r\u00f4le majeur dans les propri\u00e9t\u00e9s b\u00e9n\u00e9fiques des carreaux, comme les taches et la r\u00e9sistance \u00e0 l&#8217;usure et aux bact\u00e9ries.Les carreaux ont une surface homog\u00e8ne et donnent une apparence et un toucher de marbre tr\u00e8s naturels qui d\u00e9finissent une ambiance luxueuse dans votre espace.<\/p>\n<p style=\"text-align: justify;\">Explorez notre collection unique de carreaux durables Double Charge Vitrified et am\u00e9liorez votre espace.<\/p>\n","protected":false},"excerpt":{"rendered":"<p>Premier fabricant de tuiles \u00e0 double chargement en Inde Red\u00e9finir le luxe avec des dalles vitrifi\u00e9es \u00e0 double charge Comme son nom l&#8217;indique, les dalles \u00e0 double charge, \u00e9galement appel\u00e9es dalles \u00e0 double chargement ou dalles \u00e0 double charge, sont fabriqu\u00e9es en infusant deux couches ensemble. La couche sup\u00e9rieure est constitu\u00e9e du m\u00e9lange de base [&hellip;]<\/p>\n","protected":false},"author":1,"featured_media":265,"parent":31,"menu_order":2,"comment_status":"closed","ping_status":"closed","template":"page-product.php","meta":{"_acf_changed":false,"footnotes":""},"class_list":["post-36","page","type-page","status-publish","has-post-thumbnail","hentry","page_type-product-page"],"acf":[],"_links":{"self":[{"href":"https:\/\/www.sakarmarbo.com\/fr\/wp-json\/wp\/v2\/pages\/36","targetHints":{"allow":["GET"]}}],"collection":[{"href":"https:\/\/www.sakarmarbo.com\/fr\/wp-json\/wp\/v2\/pages"}],"about":[{"href":"https:\/\/www.sakarmarbo.com\/fr\/wp-json\/wp\/v2\/types\/page"}],"author":[{"embeddable":true,"href":"https:\/\/www.sakarmarbo.com\/fr\/wp-json\/wp\/v2\/users\/1"}],"replies":[{"embeddable":true,"href":"https:\/\/www.sakarmarbo.com\/fr\/wp-json\/wp\/v2\/comments?post=36"}],"version-history":[{"count":41,"href":"https:\/\/www.sakarmarbo.com\/fr\/wp-json\/wp\/v2\/pages\/36\/revisions"}],"predecessor-version":[{"id":4081,"href":"https:\/\/www.sakarmarbo.com\/fr\/wp-json\/wp\/v2\/pages\/36\/revisions\/4081"}],"up":[{"embeddable":true,"href":"https:\/\/www.sakarmarbo.com\/fr\/wp-json\/wp\/v2\/pages\/31"}],"wp:featuredmedia":[{"embeddable":true,"href":"https:\/\/www.sakarmarbo.com\/fr\/wp-json\/wp\/v2\/media\/265"}],"wp:attachment":[{"href":"https:\/\/www.sakarmarbo.com\/fr\/wp-json\/wp\/v2\/media?parent=36"}],"curies":[{"name":"wp","href":"https:\/\/api.w.org\/{rel}","templated":true}]}}