{"id":3815,"date":"2025-06-16T11:16:24","date_gmt":"2025-06-16T11:16:24","guid":{"rendered":"https:\/\/www.sakarmarbo.com\/?page_id=3815"},"modified":"2025-07-23T08:11:41","modified_gmt":"2025-07-23T08:11:41","slug":"porcelain-tiles-manufacturer-in-india","status":"publish","type":"page","link":"https:\/\/www.sakarmarbo.com\/fr\/porcelain-tiles-manufacturer-in-india\/","title":{"rendered":"Fabricant de carreaux en porcelaine \u00e0 Morbi, Inde"},"content":{"rendered":"<p>SakarMarbo est \u00e0 la t\u00eate de l&#8217;industrie indienne des carreaux depuis un quart de si\u00e8cle. Fond\u00e9e \u00e0 Morbi, notre entreprise s\u2019est impos\u00e9e comme le fabricant de carreaux en porcelaine le plus fiable et reconnu en Inde. Nos normes de qualit\u00e9 sont rigoureusement respect\u00e9es, tout comme la confiance que nos clients nous accordent \u00e0 l\u2019\u00e9chelle mondiale. Gr\u00e2ce \u00e0 une technologie avanc\u00e9e, des machines de pointe et des mesures de contr\u00f4le qualit\u00e9 rigoureuses, nous veillons \u00e0 ce que chaque carreau incarne la pr\u00e9cision, l\u2019esth\u00e9tique du design et la durabilit\u00e9.<\/p>\n<p>Les carreaux en porcelaine sont une solution robuste, haut de gamme, durable et \u00e9conomique. Que ce soit pour embellir le sol ou d\u00e9corer les murs, les carreaux en porcelaine sont largement utilis\u00e9s dans les salons, chambres, cuisines, dosserets muraux, salles de bains et autres espaces commerciaux.<\/p>\n<p>En tant que principal fabricant de carreaux en porcelaine en Inde, nous proposons une collection exclusive avec une grande vari\u00e9t\u00e9 de motifs, de couleurs, de textures et de finitions. Nos carreaux pr\u00e9sentent des caract\u00e9ristiques telles que l\u2019absorption minimale d\u2019eau, l\u2019antid\u00e9rapant et la r\u00e9sistance aux rayures, les rendant id\u00e9aux et s\u00fbrs pour tous les environnements.<\/p>\n","protected":false},"excerpt":{"rendered":"<p>SakarMarbo est \u00e0 la t\u00eate de l&#8217;industrie indienne des carreaux depuis un quart de si\u00e8cle. Fond\u00e9e \u00e0 Morbi, notre entreprise s\u2019est impos\u00e9e comme le fabricant de carreaux en porcelaine le plus fiable et reconnu en Inde. Nos normes de qualit\u00e9 sont rigoureusement respect\u00e9es, tout comme la confiance que nos clients nous accordent \u00e0 l\u2019\u00e9chelle mondiale. [&hellip;]<\/p>\n","protected":false},"author":3,"featured_media":0,"parent":0,"menu_order":0,"comment_status":"closed","ping_status":"closed","template":"page-main-category.php","meta":{"_acf_changed":false,"footnotes":""},"class_list":["post-3815","page","type-page","status-publish","hentry"],"acf":[],"_links":{"self":[{"href":"https:\/\/www.sakarmarbo.com\/fr\/wp-json\/wp\/v2\/pages\/3815","targetHints":{"allow":["GET"]}}],"collection":[{"href":"https:\/\/www.sakarmarbo.com\/fr\/wp-json\/wp\/v2\/pages"}],"about":[{"href":"https:\/\/www.sakarmarbo.com\/fr\/wp-json\/wp\/v2\/types\/page"}],"author":[{"embeddable":true,"href":"https:\/\/www.sakarmarbo.com\/fr\/wp-json\/wp\/v2\/users\/3"}],"replies":[{"embeddable":true,"href":"https:\/\/www.sakarmarbo.com\/fr\/wp-json\/wp\/v2\/comments?post=3815"}],"version-history":[{"count":45,"href":"https:\/\/www.sakarmarbo.com\/fr\/wp-json\/wp\/v2\/pages\/3815\/revisions"}],"predecessor-version":[{"id":4233,"href":"https:\/\/www.sakarmarbo.com\/fr\/wp-json\/wp\/v2\/pages\/3815\/revisions\/4233"}],"wp:attachment":[{"href":"https:\/\/www.sakarmarbo.com\/fr\/wp-json\/wp\/v2\/media?parent=3815"}],"curies":[{"name":"wp","href":"https:\/\/api.w.org\/{rel}","templated":true}]}}