{"id":3913,"date":"2025-06-17T07:45:33","date_gmt":"2025-06-17T07:45:33","guid":{"rendered":"https:\/\/www.sakarmarbo.com\/?page_id=3913"},"modified":"2025-07-23T08:15:28","modified_gmt":"2025-07-23T08:15:28","slug":"ceramic-tiles-manufacturer-in-india","status":"publish","type":"page","link":"https:\/\/www.sakarmarbo.com\/fr\/ceramic-tiles-manufacturer-in-india\/","title":{"rendered":"Fabricant de carreaux en c\u00e9ramique \u00e0 Morbi, Inde"},"content":{"rendered":"<p>Les carreaux c\u00e9ramiques se sont impos\u00e9s comme une solution de rev\u00eatement de sol incontournable gr\u00e2ce \u00e0 leur attrait intemporel, leur \u00e9l\u00e9gance esth\u00e9tique et leur durabilit\u00e9, tant dans les espaces r\u00e9sidentiels que commerciaux. La disponibilit\u00e9 d\u2019une grande vari\u00e9t\u00e9 de couleurs, tailles, finitions et designs uniques permet de cr\u00e9er des espaces captivants et distinctifs, \u00e0 l\u2019int\u00e9rieur comme \u00e0 l\u2019ext\u00e9rieur.<\/p>\n<p>Le carrelage c\u00e9ramique est r\u00e9put\u00e9 pour sa polyvalence, sa flexibilit\u00e9 de design et sa robustesse. Il en va de m\u00eame pour SakarMarbo, gr\u00e2ce \u00e0 notre gamme exclusive de carreaux muraux c\u00e9ramiques luxueux, notre esprit d\u2019innovation et notre approche centr\u00e9e sur le client. Notre \u00e9quipe d\u2019experts red\u00e9finit l\u2019excellence en figurant parmi les fabricants de carreaux c\u00e9ramiques les plus reconnus en Inde, gr\u00e2ce \u00e0 ses efforts assidus pour garantir la haute qualit\u00e9 de nos carreaux.<\/p>\n<p>Nous assurons la livraison d\u2019une qualit\u00e9 in\u00e9gal\u00e9e, d\u2019un savoir-faire exceptionnel et de designs esth\u00e9tiques qui captivent une client\u00e8le mondiale passionn\u00e9e de design.<\/p>\n<p>Notre technologie de pointe nous permet de donner vie \u00e0 vos id\u00e9es avec des carreaux c\u00e9ramiques r\u00e9alis\u00e9s \u00e0 la perfection. Que vous cherchiez des carreaux adapt\u00e9s, \u00e9l\u00e9gants et sophistiqu\u00e9s pour les salles de bains, salons, cuisines, entr\u00e9es, sols d\u2019accent ou pour des applications commerciales, nous proposons des solutions compl\u00e8tes r\u00e9pondant \u00e0 tous vos besoins.<\/p>\n","protected":false},"excerpt":{"rendered":"<p>Les carreaux c\u00e9ramiques se sont impos\u00e9s comme une solution de rev\u00eatement de sol incontournable gr\u00e2ce \u00e0 leur attrait intemporel, leur \u00e9l\u00e9gance esth\u00e9tique et leur durabilit\u00e9, tant dans les espaces r\u00e9sidentiels que commerciaux. La disponibilit\u00e9 d\u2019une grande vari\u00e9t\u00e9 de couleurs, tailles, finitions et designs uniques permet de cr\u00e9er des espaces captivants et distinctifs, \u00e0 l\u2019int\u00e9rieur comme [&hellip;]<\/p>\n","protected":false},"author":3,"featured_media":0,"parent":0,"menu_order":0,"comment_status":"closed","ping_status":"closed","template":"page-main-category.php","meta":{"_acf_changed":false,"footnotes":""},"class_list":["post-3913","page","type-page","status-publish","hentry"],"acf":[],"_links":{"self":[{"href":"https:\/\/www.sakarmarbo.com\/fr\/wp-json\/wp\/v2\/pages\/3913","targetHints":{"allow":["GET"]}}],"collection":[{"href":"https:\/\/www.sakarmarbo.com\/fr\/wp-json\/wp\/v2\/pages"}],"about":[{"href":"https:\/\/www.sakarmarbo.com\/fr\/wp-json\/wp\/v2\/types\/page"}],"author":[{"embeddable":true,"href":"https:\/\/www.sakarmarbo.com\/fr\/wp-json\/wp\/v2\/users\/3"}],"replies":[{"embeddable":true,"href":"https:\/\/www.sakarmarbo.com\/fr\/wp-json\/wp\/v2\/comments?post=3913"}],"version-history":[{"count":30,"href":"https:\/\/www.sakarmarbo.com\/fr\/wp-json\/wp\/v2\/pages\/3913\/revisions"}],"predecessor-version":[{"id":4236,"href":"https:\/\/www.sakarmarbo.com\/fr\/wp-json\/wp\/v2\/pages\/3913\/revisions\/4236"}],"wp:attachment":[{"href":"https:\/\/www.sakarmarbo.com\/fr\/wp-json\/wp\/v2\/media?parent=3913"}],"curies":[{"name":"wp","href":"https:\/\/api.w.org\/{rel}","templated":true}]}}