{"id":40,"date":"2018-11-04T16:27:25","date_gmt":"2018-11-04T16:27:25","guid":{"rendered":"http:\/\/demo.sakarmarbo.com\/?page_id=40"},"modified":"2023-04-20T09:18:10","modified_gmt":"2023-04-20T09:18:10","slug":"digital-glazed-porcelain-vitrified-floor-tile","status":"publish","type":"page","link":"https:\/\/www.sakarmarbo.com\/fr\/tiles\/digital-glazed-porcelain-vitrified-floor-tile\/","title":{"rendered":"Carreau en porcelaine \u00e9maill\u00e9e num\u00e9rique \/ vitrifi\u00e9"},"content":{"rendered":"<h2 style=\"font-size: 30px;\">Fabricant de carrelages vitrifi\u00e9s vitr\u00e9s de Flagship Digital en Inde<\/h2>\n<h3>D\u00e9corez votre espace avec des carreaux vitrifi\u00e9s vitr\u00e9s et attrayants num\u00e9riques<\/h3>\n<p style=\"text-align: justify;\">Les carreaux de porcelaine \u00e9maill\u00e9s num\u00e9riques sont les carreaux vitrifi\u00e9s couramment utilis\u00e9s qui sont d\u00e9velopp\u00e9s \u00e0 l&#8217;aide de la technologie d&#8217;impression num\u00e9rique. Ce sont des dalles monocouches press\u00e9es dans la machine de pressage hydraulique sous haute pression pour atteindre la durabilit\u00e9. Ces carreaux sont imprim\u00e9s ult\u00e9rieurement \u00e0 l\u2019aide d\u2019une imprimante \u00e0 jet d\u2019encre de haute qualit\u00e9 et permettent de cr\u00e9er diverses formes d\u2019art attrayantes. Nous pouvons d\u00e9velopper des carreaux Vitrified Digital Vitr\u00e9 dans une grande vari\u00e9t\u00e9 d&#8217;impressions et de designs pour r\u00e9pondre \u00e0 vos besoins uniques.<\/p>\n<p style=\"text-align: justify;\">Nous sommes un fabricant pionnier des carreaux vitrifi\u00e9s glac\u00e9s num\u00e9riques offrant des carreaux \u00e9maill\u00e9s de diff\u00e9rentes finitions, comme le mat, le rustique, le sucre et le lapato. Les impressions num\u00e9riques sont con\u00e7ues sur le rev\u00eatement de gla\u00e7ure et nous pouvons ainsi d\u00e9velopper des milliers de dessins esth\u00e9tiquement attrayants. Le rev\u00eatement final de nanomat\u00e9riau sur le carreau le rend r\u00e9sistant aux taches, \u00e0 l\u2019usure et aux bact\u00e9ries. Il est largement utilis\u00e9 pour des applications int\u00e9rieures et ext\u00e9rieures dans les espaces commerciaux et les maisons.<\/p>\n<p style=\"text-align: justify;\">Fabricants de carreaux PGVT dans le Morbi, le Gujarat a renforc\u00e9 la port\u00e9e de ces carreaux et, aujourd\u2019hui, ils sont utilis\u00e9s dans le monde entier pour concevoir des espaces \u00e9l\u00e9gants. Explorez notre gamme exclusive de carreaux \u00e9maill\u00e9s num\u00e9riques et embellissez votre espace.<\/p>\n","protected":false},"excerpt":{"rendered":"<p>Fabricant de carrelages vitrifi\u00e9s vitr\u00e9s de Flagship Digital en Inde D\u00e9corez votre espace avec des carreaux vitrifi\u00e9s vitr\u00e9s et attrayants num\u00e9riques Les carreaux de porcelaine \u00e9maill\u00e9s num\u00e9riques sont les carreaux vitrifi\u00e9s couramment utilis\u00e9s qui sont d\u00e9velopp\u00e9s \u00e0 l&#8217;aide de la technologie d&#8217;impression num\u00e9rique. Ce sont des dalles monocouches press\u00e9es dans la machine de pressage hydraulique [&hellip;]<\/p>\n","protected":false},"author":1,"featured_media":263,"parent":31,"menu_order":6,"comment_status":"closed","ping_status":"closed","template":"page-product.php","meta":{"_acf_changed":false,"footnotes":""},"class_list":["post-40","page","type-page","status-publish","has-post-thumbnail","hentry","page_type-product-page"],"acf":[],"_links":{"self":[{"href":"https:\/\/www.sakarmarbo.com\/fr\/wp-json\/wp\/v2\/pages\/40","targetHints":{"allow":["GET"]}}],"collection":[{"href":"https:\/\/www.sakarmarbo.com\/fr\/wp-json\/wp\/v2\/pages"}],"about":[{"href":"https:\/\/www.sakarmarbo.com\/fr\/wp-json\/wp\/v2\/types\/page"}],"author":[{"embeddable":true,"href":"https:\/\/www.sakarmarbo.com\/fr\/wp-json\/wp\/v2\/users\/1"}],"replies":[{"embeddable":true,"href":"https:\/\/www.sakarmarbo.com\/fr\/wp-json\/wp\/v2\/comments?post=40"}],"version-history":[{"count":51,"href":"https:\/\/www.sakarmarbo.com\/fr\/wp-json\/wp\/v2\/pages\/40\/revisions"}],"predecessor-version":[{"id":3024,"href":"https:\/\/www.sakarmarbo.com\/fr\/wp-json\/wp\/v2\/pages\/40\/revisions\/3024"}],"up":[{"embeddable":true,"href":"https:\/\/www.sakarmarbo.com\/fr\/wp-json\/wp\/v2\/pages\/31"}],"wp:featuredmedia":[{"embeddable":true,"href":"https:\/\/www.sakarmarbo.com\/fr\/wp-json\/wp\/v2\/media\/263"}],"wp:attachment":[{"href":"https:\/\/www.sakarmarbo.com\/fr\/wp-json\/wp\/v2\/media?parent=40"}],"curies":[{"name":"wp","href":"https:\/\/api.w.org\/{rel}","templated":true}]}}