{"id":4020,"date":"2025-06-18T04:22:13","date_gmt":"2025-06-18T04:22:13","guid":{"rendered":"https:\/\/www.sakarmarbo.com\/?page_id=4020"},"modified":"2025-07-23T08:13:50","modified_gmt":"2025-07-23T08:13:50","slug":"vitrified-tiles-manufacturer-in-india","status":"publish","type":"page","link":"https:\/\/www.sakarmarbo.com\/fr\/vitrified-tiles-manufacturer-in-india\/","title":{"rendered":"Fabricant de Carreaux Vitrifi\u00e9s en Inde"},"content":{"rendered":"<p>Le bon choix de rev\u00eatement de sol fait toute la diff\u00e9rence lorsqu\u2019il s\u2019agit de red\u00e9finir vos espaces r\u00e9sidentiels ou commerciaux. Les carreaux vitrifi\u00e9s sont l\u2019un des choix les plus privil\u00e9gi\u00e9s pour les solutions de rev\u00eatement de sol : ils sont solides, durables, r\u00e9sistants aux produits chimiques, esth\u00e9tiquement polyvalents et faciles \u00e0 entretenir, ce qui les rend id\u00e9aux pour de nombreuses applications.<\/p>\n<p>Les carreaux vitrifi\u00e9s se distinguent par leur \u00e9l\u00e9gance durable et leur solidit\u00e9. SakarMarbo, un nom de premier plan parmi les fabricants de carreaux vitrifi\u00e9s en Inde, s\u2019impose en livrant l\u2019excellence dans la fabrication de carreaux.<\/p>\n<p>Avec plus de deux d\u00e9cennies d&#8217;exp\u00e9rience, nous comprenons l&#8217;importance des choix de rev\u00eatement de nos clients et proposons des produits de qualit\u00e9 sup\u00e9rieure r\u00e9pondant aux normes internationales les plus strictes. Notre technologie de pointe, nos designs innovants, notre savoir-faire exceptionnel et notre engagement envers la qualit\u00e9 consolident notre position de leader dans l&#8217;industrie du carrelage. Notre \u00e9quipe d&#8217;experts travaille sans rel\u00e2che pour offrir la meilleure qualit\u00e9 de carreaux vitrifi\u00e9s, des carreaux num\u00e9riques aux carreaux vitrifi\u00e9s polis.<\/p>\n","protected":false},"excerpt":{"rendered":"<p>Le bon choix de rev\u00eatement de sol fait toute la diff\u00e9rence lorsqu\u2019il s\u2019agit de red\u00e9finir vos espaces r\u00e9sidentiels ou commerciaux. Les carreaux vitrifi\u00e9s sont l\u2019un des choix les plus privil\u00e9gi\u00e9s pour les solutions de rev\u00eatement de sol : ils sont solides, durables, r\u00e9sistants aux produits chimiques, esth\u00e9tiquement polyvalents et faciles \u00e0 entretenir, ce qui les [&hellip;]<\/p>\n","protected":false},"author":3,"featured_media":0,"parent":0,"menu_order":0,"comment_status":"closed","ping_status":"closed","template":"page-main-category.php","meta":{"_acf_changed":false,"footnotes":""},"class_list":["post-4020","page","type-page","status-publish","hentry"],"acf":[],"_links":{"self":[{"href":"https:\/\/www.sakarmarbo.com\/fr\/wp-json\/wp\/v2\/pages\/4020","targetHints":{"allow":["GET"]}}],"collection":[{"href":"https:\/\/www.sakarmarbo.com\/fr\/wp-json\/wp\/v2\/pages"}],"about":[{"href":"https:\/\/www.sakarmarbo.com\/fr\/wp-json\/wp\/v2\/types\/page"}],"author":[{"embeddable":true,"href":"https:\/\/www.sakarmarbo.com\/fr\/wp-json\/wp\/v2\/users\/3"}],"replies":[{"embeddable":true,"href":"https:\/\/www.sakarmarbo.com\/fr\/wp-json\/wp\/v2\/comments?post=4020"}],"version-history":[{"count":24,"href":"https:\/\/www.sakarmarbo.com\/fr\/wp-json\/wp\/v2\/pages\/4020\/revisions"}],"predecessor-version":[{"id":4157,"href":"https:\/\/www.sakarmarbo.com\/fr\/wp-json\/wp\/v2\/pages\/4020\/revisions\/4157"}],"wp:attachment":[{"href":"https:\/\/www.sakarmarbo.com\/fr\/wp-json\/wp\/v2\/media?parent=4020"}],"curies":[{"name":"wp","href":"https:\/\/api.w.org\/{rel}","templated":true}]}}