{"id":42,"date":"2018-11-04T16:27:48","date_gmt":"2018-11-04T16:27:48","guid":{"rendered":"http:\/\/demo.sakarmarbo.com\/?page_id=42"},"modified":"2025-05-21T11:17:22","modified_gmt":"2025-05-21T11:17:22","slug":"parking-tile-manufacturer","status":"publish","type":"page","link":"https:\/\/www.sakarmarbo.com\/fr\/tiles\/parking-tile-manufacturer\/","title":{"rendered":"Carreau de stationnement"},"content":{"rendered":"<h2 style=\"font-size: 30px;\">Fabricant de tuiles de stationnement haut de gamme en Inde<\/h2>\n<h3>D\u00e9finir l&#8217;anticipation du style avec des dalles de stationnement<\/h3>\n<p style=\"text-align: justify;\">Parking Vitrified Tiles assume cette grande responsabilit\u00e9 de cr\u00e9er les premi\u00e8res impressions. Pour toute propri\u00e9t\u00e9, le parking, l&#8217;entr\u00e9e ou l&#8217;ext\u00e9rieur \u00e9tablit l&#8217;anticipation de la sensation et de la conception de la propri\u00e9t\u00e9 enti\u00e8re. \u00c9quiper les zones de chauss\u00e9e avec notre gamme de dalles de stationnement vous permettrait de d\u00e9finir un standard pour que les visiteurs se tournent vers l&#8217;avenir. Nous avons un vaste portefeuille de tuiles de stationnement qui r\u00e9pondent \u00e0 vos besoins uniques.<\/p>\n<p style=\"text-align: justify;\">Les dalles Parking Vitrified vous permettent d\u2019\u00e9quiper votre trottoir ou votre terrasse du style appropri\u00e9 \u00e0 un prix abordable. Ils sont capables de supporter des charges lourdes, sont tr\u00e8s durables et n\u00e9cessitent peu d\u2019entretien. Nous proposons des dalles de stationnement r\u00e9guli\u00e8res \u00e0 base de terre cuite et d&#8217;ivoire et des dalles de stationnement num\u00e9riques fabriqu\u00e9es \u00e0 l&#8217;aide de la technologie d&#8217;impression \u00e0 jet d&#8217;encre.<\/p>\n<p style=\"text-align: justify;\">Explorez notre collection de dalles de parking ou de dalles d&#8217;ext\u00e9rieur, \u00e0 \u00e9galit\u00e9 avec les plus grands fabricants de dalles de parking du Morbi et les plus grands fabricants de dalles d&#8217;Italie et d&#8217;Espagne.<\/p>\n","protected":false},"excerpt":{"rendered":"<p>Fabricant de tuiles de stationnement haut de gamme en Inde D\u00e9finir l&#8217;anticipation du style avec des dalles de stationnement Parking Vitrified Tiles assume cette grande responsabilit\u00e9 de cr\u00e9er les premi\u00e8res impressions. Pour toute propri\u00e9t\u00e9, le parking, l&#8217;entr\u00e9e ou l&#8217;ext\u00e9rieur \u00e9tablit l&#8217;anticipation de la sensation et de la conception de la propri\u00e9t\u00e9 enti\u00e8re. \u00c9quiper les zones [&hellip;]<\/p>\n","protected":false},"author":1,"featured_media":135,"parent":31,"menu_order":8,"comment_status":"closed","ping_status":"closed","template":"page-product.php","meta":{"_acf_changed":false,"footnotes":""},"class_list":["post-42","page","type-page","status-publish","has-post-thumbnail","hentry","page_type-product-page"],"acf":[],"_links":{"self":[{"href":"https:\/\/www.sakarmarbo.com\/fr\/wp-json\/wp\/v2\/pages\/42","targetHints":{"allow":["GET"]}}],"collection":[{"href":"https:\/\/www.sakarmarbo.com\/fr\/wp-json\/wp\/v2\/pages"}],"about":[{"href":"https:\/\/www.sakarmarbo.com\/fr\/wp-json\/wp\/v2\/types\/page"}],"author":[{"embeddable":true,"href":"https:\/\/www.sakarmarbo.com\/fr\/wp-json\/wp\/v2\/users\/1"}],"replies":[{"embeddable":true,"href":"https:\/\/www.sakarmarbo.com\/fr\/wp-json\/wp\/v2\/comments?post=42"}],"version-history":[{"count":37,"href":"https:\/\/www.sakarmarbo.com\/fr\/wp-json\/wp\/v2\/pages\/42\/revisions"}],"predecessor-version":[{"id":3711,"href":"https:\/\/www.sakarmarbo.com\/fr\/wp-json\/wp\/v2\/pages\/42\/revisions\/3711"}],"up":[{"embeddable":true,"href":"https:\/\/www.sakarmarbo.com\/fr\/wp-json\/wp\/v2\/pages\/31"}],"wp:featuredmedia":[{"embeddable":true,"href":"https:\/\/www.sakarmarbo.com\/fr\/wp-json\/wp\/v2\/media\/135"}],"wp:attachment":[{"href":"https:\/\/www.sakarmarbo.com\/fr\/wp-json\/wp\/v2\/media?parent=42"}],"curies":[{"name":"wp","href":"https:\/\/api.w.org\/{rel}","templated":true}]}}