{"id":44,"date":"2018-11-04T16:28:05","date_gmt":"2018-11-04T16:28:05","guid":{"rendered":"http:\/\/demo.sakarmarbo.com\/?page_id=44"},"modified":"2025-06-16T06:25:19","modified_gmt":"2025-06-16T06:25:19","slug":"ceramic-digital-wall-tile","status":"publish","type":"page","link":"https:\/\/www.sakarmarbo.com\/fr\/tiles\/ceramic-digital-wall-tile\/","title":{"rendered":"Carreau de mur num\u00e9rique en c\u00e9ramique"},"content":{"rendered":"<h2 style=\"font-size: 30px;\">Premier fabricant de carrelage mural num\u00e9rique en c\u00e9ramique<\/h2>\n<h3>Donnez le look souhait\u00e9 avec des carreaux de mur num\u00e9riques en c\u00e9ramique<\/h3>\n<p style=\"text-align: justify;\">Les dalles c\u00e9ramiques num\u00e9riques sont constitu\u00e9es de sable naturel et sont chauff\u00e9es dans le four \u00e0 une temp\u00e9rature de 800 \u00e0 900 degr\u00e9s Celsius. Ils viennent avec un rev\u00eatement de gla\u00e7ure et sont imprim\u00e9s en utilisant la technologie d&#8217;impression num\u00e9rique. Comme ces carreaux peuvent \u00eatre d\u00e9velopp\u00e9s dans une vari\u00e9t\u00e9 d&#8217;imprim\u00e9s et de dessins attrayants, ils peuvent donner l&#8217;aspect et la convivialit\u00e9 souhait\u00e9s \u00e0 votre espace. Que vous soyez un admirateur de la nature ou que vous souhaitiez coller quelque chose de traditionnel ou que vous vouliez simplement le garder classe ou que vous souhaitiez r\u00e9pandre une aura d&#8217;\u00e9l\u00e9gance, les carreaux de mur en c\u00e9ramique vous aident \u00e0 personnaliser votre lieu comme vous le souhaitez.<\/p>\n<p style=\"text-align: justify;\">Le point fort des carreaux muraux num\u00e9riques en c\u00e9ramique est qu\u2019ils vous permettent de donner l\u2019attrait souhait\u00e9 \u00e0 votre espace int\u00e9rieur \u00e0 un prix avantageux.Habituellement, le style personnalis\u00e9 de n&#8217;importe quel endroit vous ferait perdre beaucoup d&#8217;argent. Notre gamme exclusive de rev\u00eatements muraux c\u00e9ramiques num\u00e9riques en Inde est con\u00e7ue pour r\u00e9pondre \u00e0 vos exigences \u00e0 un co\u00fbt abordable. Il est r\u00e9sistant \u00e0 l&#8217;eau (absorption de 12 \u00e0 15%), \u00e0 la corrosion et durable. Nous proposons des rev\u00eatements muraux num\u00e9riques en c\u00e9ramique dans une finition brillante et mate, dans des motifs simples et dans des motifs vari\u00e9s et s\u00e9duisants.<\/p>\n","protected":false},"excerpt":{"rendered":"<p>Premier fabricant de carrelage mural num\u00e9rique en c\u00e9ramique Donnez le look souhait\u00e9 avec des carreaux de mur num\u00e9riques en c\u00e9ramique Les dalles c\u00e9ramiques num\u00e9riques sont constitu\u00e9es de sable naturel et sont chauff\u00e9es dans le four \u00e0 une temp\u00e9rature de 800 \u00e0 900 degr\u00e9s Celsius. Ils viennent avec un rev\u00eatement de gla\u00e7ure et sont imprim\u00e9s en [&hellip;]<\/p>\n","protected":false},"author":1,"featured_media":274,"parent":31,"menu_order":10,"comment_status":"closed","ping_status":"closed","template":"page-product.php","meta":{"_acf_changed":false,"footnotes":""},"class_list":["post-44","page","type-page","status-publish","has-post-thumbnail","hentry","page_type-product-page"],"acf":[],"_links":{"self":[{"href":"https:\/\/www.sakarmarbo.com\/fr\/wp-json\/wp\/v2\/pages\/44","targetHints":{"allow":["GET"]}}],"collection":[{"href":"https:\/\/www.sakarmarbo.com\/fr\/wp-json\/wp\/v2\/pages"}],"about":[{"href":"https:\/\/www.sakarmarbo.com\/fr\/wp-json\/wp\/v2\/types\/page"}],"author":[{"embeddable":true,"href":"https:\/\/www.sakarmarbo.com\/fr\/wp-json\/wp\/v2\/users\/1"}],"replies":[{"embeddable":true,"href":"https:\/\/www.sakarmarbo.com\/fr\/wp-json\/wp\/v2\/comments?post=44"}],"version-history":[{"count":41,"href":"https:\/\/www.sakarmarbo.com\/fr\/wp-json\/wp\/v2\/pages\/44\/revisions"}],"predecessor-version":[{"id":3911,"href":"https:\/\/www.sakarmarbo.com\/fr\/wp-json\/wp\/v2\/pages\/44\/revisions\/3911"}],"up":[{"embeddable":true,"href":"https:\/\/www.sakarmarbo.com\/fr\/wp-json\/wp\/v2\/pages\/31"}],"wp:featuredmedia":[{"embeddable":true,"href":"https:\/\/www.sakarmarbo.com\/fr\/wp-json\/wp\/v2\/media\/274"}],"wp:attachment":[{"href":"https:\/\/www.sakarmarbo.com\/fr\/wp-json\/wp\/v2\/media?parent=44"}],"curies":[{"name":"wp","href":"https:\/\/api.w.org\/{rel}","templated":true}]}}