{"id":502,"date":"2019-05-23T12:23:30","date_gmt":"2019-05-23T12:23:30","guid":{"rendered":"https:\/\/www.sakarmarbo.com\/?page_id=502"},"modified":"2019-08-16T13:10:01","modified_gmt":"2019-08-16T13:10:01","slug":"catalogs","status":"publish","type":"page","link":"https:\/\/www.sakarmarbo.com\/fr\/catalogs\/","title":{"rendered":"Des catalogues"},"content":{"rendered":"<div class=\"row\">\n<div class=\"col-md-3\" style=\"text-align: center;\" >\n<a href=\"https:\/\/www.sakarmarbo.com\/fr\/catalogs\/soluble-salt-nano-tile-catalog\/\"><br \/>\n<img decoding=\"async\" src=\"https:\/\/www.sakarmarbo.com\/wp-content\/uploads\/2019\/05\/Soluble-Salt-Nano-Tile-Catalog.png\" alt=\"Tuile Nano de Sel Soluble\" \/><br \/>\n<\/a><\/p>\n<h6><a href=\"https:\/\/www.sakarmarbo.com\/fr\/catalogs\/soluble-salt-nano-tile-catalog\/\">Tuile Nano de Sel Soluble<\/a><\/h6>\n<p>(600*600mm)<\/p>\n<\/div>\n<div class=\"col-md-3\" style=\"text-align: center;\" >\n<a href=\"https:\/\/www.sakarmarbo.com\/fr\/catalogs\/double-charged-porcelain-vitrified-tile-catalog\/\"><br \/>\n<img decoding=\"async\" src=\"https:\/\/www.sakarmarbo.com\/wp-content\/uploads\/2019\/05\/Double-Charged-Porcelain-Vitrified-Tile-Catalog.png\" alt=\"Carreau de porcelaine \/ vitrifi\u00e9 \u00e0 double charge\" \/><br \/>\n<\/a><\/p>\n<h6><a href=\"https:\/\/www.sakarmarbo.com\/fr\/catalogs\/double-charged-porcelain-vitrified-tile-catalog\/\">Carreau de porcelaine \/ vitrifi\u00e9 \u00e0 double charge<\/a><\/h6>\n<p>(600*600mm &#038; 800*800mm)<\/p>\n<\/div>\n<div class=\"col-md-3\" style=\"text-align: center;\" >\n<a href=\"https:\/\/www.sakarmarbo.com\/fr\/catalogs\/digital-glazed-porcelain-vitrified-tile-catalog\/\"><br \/>\n<img decoding=\"async\" src=\"https:\/\/www.sakarmarbo.com\/wp-content\/uploads\/2019\/05\/Digital-Glazed-Porcelain-Vitrified-Tile-Catalog.png\" alt=\"Carreau en porcelaine \u00e9maill\u00e9e num\u00e9rique \/ vitrifi\u00e9\" \/><br \/>\n<\/a><\/p>\n<h6><a href=\"https:\/\/www.sakarmarbo.com\/fr\/catalogs\/digital-glazed-porcelain-vitrified-tile-catalog\/\">Carreau en porcelaine \u00e9maill\u00e9e num\u00e9rique \/ vitrifi\u00e9<\/a><\/h6>\n<p>(300*600mm, 600*600mm, 600*1200mm, 800*800mm, 800*1600mm, 1200*1200mm, 1200*2400mm)<\/p>\n<\/div>\n<div class=\"col-md-3\" style=\"text-align: center;\" >\n<a href=\"https:\/\/www.sakarmarbo.com\/fr\/es\/catalogs\/full-body-porcelain-vitrified-tile-catalog\/\"><br \/>\n<img decoding=\"async\" src=\"https:\/\/www.sakarmarbo.com\/wp-content\/uploads\/2019\/05\/Full-Body-Porcelain-Vitrified-Tile-Catalog.png\" alt=\"Carreau de porcelaine \/ vitrifi\u00e9 complet\" \/><br \/>\n<\/a><\/p>\n<h6><a href=\"https:\/\/www.sakarmarbo.com\/fr\/catalogs\/full-body-porcelain-vitrified-tile-catalog\/\">Carreau de porcelaine \/ vitrifi\u00e9 complet<\/a><\/h6>\n<p>(600*600mm &#038; 600*1200mm \u2013 10mm, 600*600mm \u2013 16mm &#038; 20mm)<\/p>\n<\/div>\n<\/div>\n<div class=\"row\">\n<div class=\"col-md-3\" style=\"text-align: center;\" >\n<a href=\"https:\/\/www.sakarmarbo.com\/fr\/catalogs\/parking-tile-catalog\/\"><br \/>\n<img decoding=\"async\" src=\"https:\/\/www.sakarmarbo.com\/wp-content\/uploads\/2019\/05\/Parking-Tile-Catalog.png\" alt=\"Carreau de stationnement\" \/><br \/>\n<\/a><\/p>\n<h6><a href=\"https:\/\/www.sakarmarbo.com\/fr\/catalogs\/parking-tile-catalog\/\">Carreau de stationnement<\/a><\/h6>\n<p>(Ordinaire 300*300mm, Num\u00e9rique 300*300mm)<\/p>\n<\/div>\n<div class=\"col-md-3\" style=\"text-align: center;\" >\n<a href=\"https:\/\/www.sakarmarbo.com\/fr\/catalogs\/step-riser-and-wood-look-tile-catalog\/\"><br \/>\n<img decoding=\"async\" src=\"https:\/\/www.sakarmarbo.com\/wp-content\/uploads\/2019\/05\/Step-Riser-Wood-Look-Tile-Catalog.png\" alt=\"Step Riser et tuile aspect bois\" \/><br \/>\n<\/a><\/p>\n<h6><a href=\"https:\/\/www.sakarmarbo.com\/fr\/catalogs\/step-riser-and-wood-look-tile-catalog\/\">Step Riser et tuile aspect bois<\/a><\/h6>\n<p>(200*1200mm)<\/p>\n<\/div>\n<div class=\"col-md-3\" style=\"text-align: center;\" >\n<a href=\"https:\/\/www.sakarmarbo.com\/fr\/catalogs\/ceramic-digital-wall-tile-catalog\/\"><br \/>\n<img decoding=\"async\" src=\"https:\/\/www.sakarmarbo.com\/wp-content\/uploads\/2019\/05\/Ceramic-Digital-Wall-Tile-Catalog.png\" alt=\"Carreau de mur num\u00e9rique en c\u00e9ramique\" \/><br \/>\n<\/a><\/p>\n<h6><a href=\"https:\/\/www.sakarmarbo.com\/fr\/catalogs\/ceramic-digital-wall-tile-catalog\/\">Carreau de mur num\u00e9rique en c\u00e9ramique<\/a><\/h6>\n<p>(300*600mm, 300*450mm)<\/p>\n<\/div>\n<\/div>\n","protected":false},"excerpt":{"rendered":"<p>Tuile Nano de Sel Soluble (600*600mm) Carreau de porcelaine \/ vitrifi\u00e9 \u00e0 double charge (600*600mm &#038; 800*800mm) Carreau en porcelaine \u00e9maill\u00e9e num\u00e9rique \/ vitrifi\u00e9 (300*600mm, 600*600mm, 600*1200mm, 800*800mm, 800*1600mm, 1200*1200mm, 1200*2400mm) Carreau de porcelaine \/ vitrifi\u00e9 complet (600*600mm &#038; 600*1200mm \u2013 10mm, 600*600mm \u2013 16mm &#038; 20mm) Carreau de stationnement (Ordinaire 300*300mm, Num\u00e9rique 300*300mm) Step [&hellip;]<\/p>\n","protected":false},"author":3,"featured_media":0,"parent":0,"menu_order":0,"comment_status":"closed","ping_status":"closed","template":"page-catalogs.php","meta":{"_acf_changed":false,"footnotes":""},"class_list":["post-502","page","type-page","status-publish","hentry"],"acf":[],"_links":{"self":[{"href":"https:\/\/www.sakarmarbo.com\/fr\/wp-json\/wp\/v2\/pages\/502","targetHints":{"allow":["GET"]}}],"collection":[{"href":"https:\/\/www.sakarmarbo.com\/fr\/wp-json\/wp\/v2\/pages"}],"about":[{"href":"https:\/\/www.sakarmarbo.com\/fr\/wp-json\/wp\/v2\/types\/page"}],"author":[{"embeddable":true,"href":"https:\/\/www.sakarmarbo.com\/fr\/wp-json\/wp\/v2\/users\/3"}],"replies":[{"embeddable":true,"href":"https:\/\/www.sakarmarbo.com\/fr\/wp-json\/wp\/v2\/comments?post=502"}],"version-history":[{"count":56,"href":"https:\/\/www.sakarmarbo.com\/fr\/wp-json\/wp\/v2\/pages\/502\/revisions"}],"predecessor-version":[{"id":505,"href":"https:\/\/www.sakarmarbo.com\/fr\/wp-json\/wp\/v2\/pages\/502\/revisions\/505"}],"wp:attachment":[{"href":"https:\/\/www.sakarmarbo.com\/fr\/wp-json\/wp\/v2\/media?parent=502"}],"curies":[{"name":"wp","href":"https:\/\/api.w.org\/{rel}","templated":true}]}}