{"id":65,"date":"2018-11-04T17:56:54","date_gmt":"2018-11-04T17:56:54","guid":{"rendered":"http:\/\/demo.sakarmarbo.com\/?page_id=65"},"modified":"2025-07-23T09:11:52","modified_gmt":"2025-07-23T09:11:52","slug":"import-tile-from-morbi-gujarat-india","status":"publish","type":"page","link":"https:\/\/www.sakarmarbo.com\/fr\/import-tile-from-morbi-gujarat-india\/","title":{"rendered":"Importateur"},"content":{"rendered":"<p><img decoding=\"async\" src=\"https:\/\/www.sakarmarbo.com\/wp-content\/uploads\/2019\/02\/1.Importer.png\" alt=\"Importer\" \/><\/p>\n<p style=\"text-align: justify;\">SakarMarbo a 20 ans d&#8217;exp\u00e9rience dans la conception d&#8217;expertises reposant sur une technologie de pointe et de niveau international, ainsi que sur le potentiel de production de carreaux d&#8217;excellente qualit\u00e9.<\/p>\n<p style=\"text-align: justify;\">Depuis notre cr\u00e9ation en 1998, nous avons collabor\u00e9 avec de nombreux clients \u00e0 travers le monde. Gr\u00e2ce \u00e0 notre expertise, \u00e0 notre exp\u00e9rience et \u00e0 notre excellence, nous avons une client\u00e8le mondiale solide et exportons nos carreaux dans une vingtaine de pays. Nous croyons en l\u2019\u00e9tablissement de relations saines en mettant tout en \u0153uvre pour offrir un service sans pr\u00e9c\u00e9dent. Comme la qualit\u00e9 a toujours \u00e9t\u00e9 notre principale pr\u00e9occupation, tous les importateurs que nous avons servis ont \u00e9t\u00e9 satisfaits de notre service.<\/p>\n<h3>Support client sans compromis<\/h3>\n<p style=\"text-align: justify;\">SakarMarbo comprend le souci de l&#8217;importateur de s&#8217;approvisionner aupr\u00e8s d&#8217;un fabricant s\u00fbr, fiable et qui pourrait r\u00e9pondre \u00e0 leurs besoins sp\u00e9cifiques. Nous incitons notre \u00e9quipe \u00e0 adapter vos besoins avec pr\u00e9cision et \u00e0 \u00eatre disponibles sur le terrain \u00e0 votre service.<\/p>\n<ul>\n<li>1) \u00e9chantillons de carreaux gratuits pour assurer la qualit\u00e9 avant de passer la commande<\/li>\n<li>2) Assistance client\u00e8le 24 * 7, quel que soit le d\u00e9calage horaire entre votre pays et l&#8217;Inde<\/li>\n<li>3) Mises \u00e0 jour continues du d\u00e9partement de production concernant le statut de votre commande<\/li>\n<li>4) Option d&#8217;exp\u00e9dition pratique comme FOB, CAF et CNF<\/li>\n<li>5) Livraison garantie dans les d\u00e9lais<\/li>\n<\/ul>\n","protected":false},"excerpt":{"rendered":"<p>SakarMarbo a 20 ans d&#8217;exp\u00e9rience dans la conception d&#8217;expertises reposant sur une technologie de pointe et de niveau international, ainsi que sur le potentiel de production de carreaux d&#8217;excellente qualit\u00e9. Depuis notre cr\u00e9ation en 1998, nous avons collabor\u00e9 avec de nombreux clients \u00e0 travers le monde. Gr\u00e2ce \u00e0 notre expertise, \u00e0 notre exp\u00e9rience et \u00e0 [&hellip;]<\/p>\n","protected":false},"author":1,"featured_media":0,"parent":0,"menu_order":2,"comment_status":"closed","ping_status":"closed","template":"page-customer-segment.php","meta":{"_acf_changed":false,"footnotes":""},"class_list":["post-65","page","type-page","status-publish","hentry","page_type-customer-segment-page"],"acf":[],"_links":{"self":[{"href":"https:\/\/www.sakarmarbo.com\/fr\/wp-json\/wp\/v2\/pages\/65","targetHints":{"allow":["GET"]}}],"collection":[{"href":"https:\/\/www.sakarmarbo.com\/fr\/wp-json\/wp\/v2\/pages"}],"about":[{"href":"https:\/\/www.sakarmarbo.com\/fr\/wp-json\/wp\/v2\/types\/page"}],"author":[{"embeddable":true,"href":"https:\/\/www.sakarmarbo.com\/fr\/wp-json\/wp\/v2\/users\/1"}],"replies":[{"embeddable":true,"href":"https:\/\/www.sakarmarbo.com\/fr\/wp-json\/wp\/v2\/comments?post=65"}],"version-history":[{"count":37,"href":"https:\/\/www.sakarmarbo.com\/fr\/wp-json\/wp\/v2\/pages\/65\/revisions"}],"predecessor-version":[{"id":3721,"href":"https:\/\/www.sakarmarbo.com\/fr\/wp-json\/wp\/v2\/pages\/65\/revisions\/3721"}],"wp:attachment":[{"href":"https:\/\/www.sakarmarbo.com\/fr\/wp-json\/wp\/v2\/media?parent=65"}],"curies":[{"name":"wp","href":"https:\/\/api.w.org\/{rel}","templated":true}]}}