{"id":67,"date":"2018-11-04T17:57:59","date_gmt":"2018-11-04T17:57:59","guid":{"rendered":"http:\/\/demo.sakarmarbo.com\/?page_id=67"},"modified":"2019-10-01T11:58:29","modified_gmt":"2019-10-01T11:58:29","slug":"tile-distributor-india","status":"publish","type":"page","link":"https:\/\/www.sakarmarbo.com\/fr\/tile-distributor-india\/","title":{"rendered":"Distributeur"},"content":{"rendered":"<h3>Nous complimentons vos \u00e9tag\u00e8res<\/h3>\n<p><img decoding=\"async\" src=\"https:\/\/www.sakarmarbo.com\/wp-content\/uploads\/2019\/02\/2.-Distributor.png\" alt=\"Distributeur\" \/><\/p>\n<p style=\"text-align: justify;\">Pour les distributeurs en entreprise, lorsqu&#8217;il s&#8217;agit de choisir leur fournisseur de carreaux, ces trois facteurs vont de pair: conception, tendance et qualit\u00e9.<\/p>\n<p style=\"text-align: justify;\">SakarMarbo, sp\u00e9cialis\u00e9 dans les territoires toujours polyvalents de la porcelaine \/ vitrifi\u00e9e et de la c\u00e9ramique, propose une collection extraordinaire avec une multitude de motifs.<\/p>\n<p style=\"text-align: justify;\">Pour un distributeur, d\u00e9peindre le bon type de produits sur ses tablettes est la voie directe pour gagner des clients. En d\u00e9veloppant des carreaux de diff\u00e9rentes conceptions esth\u00e9tiques, de diff\u00e9rentes finitions et de diff\u00e9rents formats plus minces et plus grands, SakarMarbo exprime vos pr\u00e9occupations, ne laissant aucune pierre non retourn\u00e9e.<\/p>\n<p style=\"text-align: justify;\">\u00c0 l\u2019heure actuelle, l\u2019innovation technologique d\u00e9tient une part consid\u00e9rable du cr\u00e9dit pour le boom de l\u2019industrie du carrelage. Nous sommes fiers de pouvoir affirmer que nos unit\u00e9s de fabrication sont \u00e9quip\u00e9es des derni\u00e8res technologies europ\u00e9ennes.<\/p>\n<p style=\"text-align: justify;\">Depuis que nous sommes le premier fabricant, nous avons des clients pr\u00e9sents partout dans le monde. Nous apportons donc un soin particulier \u00e0 la livraison de leurs produits en toute s\u00e9curit\u00e9 et dans les d\u00e9lais impartis. Nous r\u00e9pondons tr\u00e8s \u00e9troitement aux conditions de livraison et veillons \u00e0 ce qu&#8217;elles cr\u00e9ent de la valeur lorsqu&#8217;elles parviennent aux distributeurs.<\/p>\n","protected":false},"excerpt":{"rendered":"<p>Nous complimentons vos \u00e9tag\u00e8res Pour les distributeurs en entreprise, lorsqu&#8217;il s&#8217;agit de choisir leur fournisseur de carreaux, ces trois facteurs vont de pair: conception, tendance et qualit\u00e9. SakarMarbo, sp\u00e9cialis\u00e9 dans les territoires toujours polyvalents de la porcelaine \/ vitrifi\u00e9e et de la c\u00e9ramique, propose une collection extraordinaire avec une multitude de motifs. Pour un distributeur, [&hellip;]<\/p>\n","protected":false},"author":1,"featured_media":0,"parent":0,"menu_order":4,"comment_status":"closed","ping_status":"closed","template":"page-customer-segment.php","meta":{"_acf_changed":false,"footnotes":""},"class_list":["post-67","page","type-page","status-publish","hentry","page_type-customer-segment-page"],"acf":[],"_links":{"self":[{"href":"https:\/\/www.sakarmarbo.com\/fr\/wp-json\/wp\/v2\/pages\/67","targetHints":{"allow":["GET"]}}],"collection":[{"href":"https:\/\/www.sakarmarbo.com\/fr\/wp-json\/wp\/v2\/pages"}],"about":[{"href":"https:\/\/www.sakarmarbo.com\/fr\/wp-json\/wp\/v2\/types\/page"}],"author":[{"embeddable":true,"href":"https:\/\/www.sakarmarbo.com\/fr\/wp-json\/wp\/v2\/users\/1"}],"replies":[{"embeddable":true,"href":"https:\/\/www.sakarmarbo.com\/fr\/wp-json\/wp\/v2\/comments?post=67"}],"version-history":[{"count":24,"href":"https:\/\/www.sakarmarbo.com\/fr\/wp-json\/wp\/v2\/pages\/67\/revisions"}],"predecessor-version":[{"id":1227,"href":"https:\/\/www.sakarmarbo.com\/fr\/wp-json\/wp\/v2\/pages\/67\/revisions\/1227"}],"wp:attachment":[{"href":"https:\/\/www.sakarmarbo.com\/fr\/wp-json\/wp\/v2\/media?parent=67"}],"curies":[{"name":"wp","href":"https:\/\/api.w.org\/{rel}","templated":true}]}}