{"id":69,"date":"2018-11-04T17:58:10","date_gmt":"2018-11-04T17:58:10","guid":{"rendered":"http:\/\/demo.sakarmarbo.com\/?page_id=69"},"modified":"2022-06-24T06:54:29","modified_gmt":"2022-06-24T06:54:29","slug":"strong-tiles-residential-commercial-project-builders","status":"publish","type":"page","link":"https:\/\/www.sakarmarbo.com\/fr\/strong-tiles-residential-commercial-project-builders\/","title":{"rendered":"Constructeur"},"content":{"rendered":"<h3>Nous ajoutons de la valeur \u00e0 votre conception<\/h3>\n<p><img decoding=\"async\" src=\"https:\/\/www.sakarmarbo.com\/wp-content\/uploads\/2019\/02\/3.-Builder.png\" alt=\"Constructeur\" \/><\/p>\n<p style=\"text-align: justify;\">Pour les constructeurs, il est de la plus haute importance de faire une d\u00e9claration avec les carreaux qu&#8217;ils placent dans leur propri\u00e9t\u00e9. Ils auraient besoin d&#8217;un fabricant de carreaux fiable et de qualit\u00e9 pour obtenir des carreaux de qualit\u00e9 sup\u00e9rieure, \u00e9l\u00e9gants et respectant le budget du projet.<\/p>\n<p style=\"text-align: justify;\">Qu&#8217;il s&#8217;agisse d&#8217;un projet commercial, r\u00e9sidentiel ou du gouvernement, avec SakarMarbo, vous pouvez rester assur\u00e9 de la qualit\u00e9. Pour vous aider \u00e0 vous conformer aux r\u00e9glementations strictes telles que RERA, notre \u00e9quipe a d\u00e9ploy\u00e9 des efforts coh\u00e9rents pour assurer une livraison rapide. Nous sommes une marque internationale accr\u00e9dit\u00e9e par divers organismes faisant autorit\u00e9 (certifi\u00e9s CE, certifi\u00e9s ISO 9001: 2015 et plus).<\/p>\n<p style=\"text-align: justify;\">Pour tous vos projets sp\u00e9cifiques, nous avons une solution de tuilage qui r\u00e9pond \u00e0 vos besoins. Notre gamme de mod\u00e8les offre cette sensation magnifique et luxueuse qui ajoute de la valeur \u00e0 votre projet et cr\u00e9e de meilleures impressions.<\/p>\n","protected":false},"excerpt":{"rendered":"<p>Nous ajoutons de la valeur \u00e0 votre conception Pour les constructeurs, il est de la plus haute importance de faire une d\u00e9claration avec les carreaux qu&#8217;ils placent dans leur propri\u00e9t\u00e9. Ils auraient besoin d&#8217;un fabricant de carreaux fiable et de qualit\u00e9 pour obtenir des carreaux de qualit\u00e9 sup\u00e9rieure, \u00e9l\u00e9gants et respectant le budget du projet. [&hellip;]<\/p>\n","protected":false},"author":1,"featured_media":0,"parent":0,"menu_order":6,"comment_status":"closed","ping_status":"closed","template":"page-customer-segment.php","meta":{"_acf_changed":false,"footnotes":""},"class_list":["post-69","page","type-page","status-publish","hentry","page_type-customer-segment-page"],"acf":[],"_links":{"self":[{"href":"https:\/\/www.sakarmarbo.com\/fr\/wp-json\/wp\/v2\/pages\/69","targetHints":{"allow":["GET"]}}],"collection":[{"href":"https:\/\/www.sakarmarbo.com\/fr\/wp-json\/wp\/v2\/pages"}],"about":[{"href":"https:\/\/www.sakarmarbo.com\/fr\/wp-json\/wp\/v2\/types\/page"}],"author":[{"embeddable":true,"href":"https:\/\/www.sakarmarbo.com\/fr\/wp-json\/wp\/v2\/users\/1"}],"replies":[{"embeddable":true,"href":"https:\/\/www.sakarmarbo.com\/fr\/wp-json\/wp\/v2\/comments?post=69"}],"version-history":[{"count":22,"href":"https:\/\/www.sakarmarbo.com\/fr\/wp-json\/wp\/v2\/pages\/69\/revisions"}],"predecessor-version":[{"id":2903,"href":"https:\/\/www.sakarmarbo.com\/fr\/wp-json\/wp\/v2\/pages\/69\/revisions\/2903"}],"wp:attachment":[{"href":"https:\/\/www.sakarmarbo.com\/fr\/wp-json\/wp\/v2\/media?parent=69"}],"curies":[{"name":"wp","href":"https:\/\/api.w.org\/{rel}","templated":true}]}}