{"id":71,"date":"2018-11-04T17:58:29","date_gmt":"2018-11-04T17:58:29","guid":{"rendered":"http:\/\/demo.sakarmarbo.com\/?page_id=71"},"modified":"2019-10-01T12:00:50","modified_gmt":"2019-10-01T12:00:50","slug":"home-office-flooring","status":"publish","type":"page","link":"https:\/\/www.sakarmarbo.com\/fr\/home-office-flooring\/","title":{"rendered":"Propri\u00e9taire de maison \/ bureau"},"content":{"rendered":"<h3>Nous embellissons vos maisons<\/h3>\n<p><img decoding=\"async\" src=\"https:\/\/www.sakarmarbo.com\/wp-content\/uploads\/2019\/02\/4.-HomeOffice-Owner.png\" alt=\"Home\/Office Owner\" \/><\/p>\n<p style=\"text-align: justify;\">Pendant que vous visualisiez l\u2019aspect de la maison ou du bureau de vos r\u00eaves, vous devez avoir imagin\u00e9 l\u2019aspect de votre espace. Les propri\u00e9taires de maison \/ bureau sont tr\u00e8s sp\u00e9cifiques quand ils commencent \u00e0 chercher des options de mosa\u00efque. Il y a des moments o\u00f9 vous connaissez le look que vous souhaitez dans votre maison \/ bureau mais ne parvenez pas \u00e0 trouver la mosa\u00efque parfaitement assortie.<\/p>\n<p style=\"text-align: justify;\">Chez SakarMarbo, nous avons une large collection de tuiles qui s&#8217;adapte aux diff\u00e9rentes pr\u00e9f\u00e9rences de sens d&#8217;un espace. En outre, nos experts ont des id\u00e9es sur les manches qui pourraient vous aider \u00e0 am\u00e9liorer l&#8217;apparence de votre espace. Notre solution de carrelage ajouterait du style et un attrait visuel \u00e0 votre espace et vous pourrez toujours impressionner vos invit\u00e9s avec l&#8217;\u00e9l\u00e9gance de votre maison \/ bureau nouvellement con\u00e7ue.<\/p>\n","protected":false},"excerpt":{"rendered":"<p>Nous embellissons vos maisons Pendant que vous visualisiez l\u2019aspect de la maison ou du bureau de vos r\u00eaves, vous devez avoir imagin\u00e9 l\u2019aspect de votre espace. Les propri\u00e9taires de maison \/ bureau sont tr\u00e8s sp\u00e9cifiques quand ils commencent \u00e0 chercher des options de mosa\u00efque. Il y a des moments o\u00f9 vous connaissez le look que [&hellip;]<\/p>\n","protected":false},"author":1,"featured_media":0,"parent":0,"menu_order":8,"comment_status":"closed","ping_status":"closed","template":"page-customer-segment.php","meta":{"_acf_changed":false,"footnotes":""},"class_list":["post-71","page","type-page","status-publish","hentry","page_type-customer-segment-page"],"acf":[],"_links":{"self":[{"href":"https:\/\/www.sakarmarbo.com\/fr\/wp-json\/wp\/v2\/pages\/71","targetHints":{"allow":["GET"]}}],"collection":[{"href":"https:\/\/www.sakarmarbo.com\/fr\/wp-json\/wp\/v2\/pages"}],"about":[{"href":"https:\/\/www.sakarmarbo.com\/fr\/wp-json\/wp\/v2\/types\/page"}],"author":[{"embeddable":true,"href":"https:\/\/www.sakarmarbo.com\/fr\/wp-json\/wp\/v2\/users\/1"}],"replies":[{"embeddable":true,"href":"https:\/\/www.sakarmarbo.com\/fr\/wp-json\/wp\/v2\/comments?post=71"}],"version-history":[{"count":18,"href":"https:\/\/www.sakarmarbo.com\/fr\/wp-json\/wp\/v2\/pages\/71\/revisions"}],"predecessor-version":[{"id":1229,"href":"https:\/\/www.sakarmarbo.com\/fr\/wp-json\/wp\/v2\/pages\/71\/revisions\/1229"}],"wp:attachment":[{"href":"https:\/\/www.sakarmarbo.com\/fr\/wp-json\/wp\/v2\/media?parent=71"}],"curies":[{"name":"wp","href":"https:\/\/api.w.org\/{rel}","templated":true}]}}